{"id":44,"date":"2023-08-08T16:57:06","date_gmt":"2023-08-08T16:57:06","guid":{"rendered":"https:\/\/defiscalisant.com\/?page_id=44"},"modified":"2023-11-03T09:58:07","modified_gmt":"2023-11-03T09:58:07","slug":"o-nas","status":"publish","type":"page","link":"https:\/\/cam-chat.org\/sv\/o-nas\/","title":{"rendered":"B\u00e4sta katalogen Sexwebbkameror"},"content":{"rendered":"<p>I de r\u00f6kiga, svagt upplysta h\u00f6rnen av den digitala v\u00e4rlden, d\u00e4r passioner brinner och beg\u00e4r sjuder, finns en fristad av ok\u00e4nda ber\u00e4ttelser och provokativa kontakter. V\u00e4lkommen till v\u00e5r fristad, en v\u00e4rld av vuxenchattar, d\u00e4r f\u00f6rf\u00f6riska ber\u00e4ttelser blandas med webbkamerornas flimrande skenet.<\/p>\n<p>P\u00e5 dessa virtuella gator \u00e4r vi mer \u00e4n bara en webbplats; vi \u00e4r det moderna biblioteket, salongen f\u00f6r vuxendiskurs, d\u00e4r samtal \u00f6verskrider det vardagliga. H\u00e4r m\u00f6ts f\u00f6rfattare av lustfylld litteratur och f\u00f6rfattare av beg\u00e4rsdrivna ber\u00e4ttelser, med sina fj\u00e4derpennor doppade i bl\u00e4cket av onlineintimitet.<\/p>\n<p>Vi \u00e4r mer \u00e4n en katalog; vi \u00e4r kr\u00f6nik\u00f6rer av digital passion, skrivare av virtuell kontakt, d\u00e4r artiklar och ess\u00e4er draperar sensualitetens stadier. V\u00e5ra virtuella bl\u00e4ckhorn sinar aldrig, varje droppe matar din nyfikenhets reservoar och ger br\u00e4nsle \u00e5t beg\u00e4rets l\u00e5gor medan vi dyker ner i webbkamerornas v\u00e4rld.<\/p>\n<p>&nbsp;<\/p>\n<h2 style=\"text-align: center;\">Viskningar i det digitala m\u00f6rkret: Utforska vuxenchattarnas sf\u00e4r<\/h2>\n<p>Nyheter fr\u00e5n den digitala tids\u00e5ldern utspelar sig p\u00e5 v\u00e5ra sidor och ger dig de senaste insikterna och uppdateringarna fr\u00e5n det lockande universumet av online-kontakter. Intrigerna och de sinnliga ber\u00e4ttelserna som utspelar sig bakom linsen har en scen h\u00e4r, d\u00e4r autenticitet m\u00f6ter anonymitet och kontakten finner ett virtuellt hem.<\/p>\n<p>&nbsp;<\/p>\n<p><strong>Ber\u00e4ttelserna bakom sl\u00f6jan: Insikter och upplysningar<\/strong><\/p>\n<p>V\u00e5ra virtuella korridorer viskar av ber\u00e4ttelser och provokationer. H\u00e4r vaknar orden till liv, ungef\u00e4r som i en klassisk amerikansk roman, och v\u00e4ver samman ber\u00e4ttelser som g\u00e5r djupt in i nyanserna i vuxenchattar. V\u00e5rt arkiv \u00e4r inte bara ett forum f\u00f6r k\u00f6ttsliga beg\u00e4r; det \u00e4r en skattkammare av insikter, diskussioner och avsl\u00f6janden som utforskar den sp\u00e4nnande v\u00e4rlden av webbkamerainteraktioner.<\/p>\n<p>H\u00e4r, bland sidorna i v\u00e5rt digitala arkiv, kommer du att uppt\u00e4cka ber\u00e4ttelser som \u00e4nnu inte har ber\u00e4ttats, perspektiv som utforskar beg\u00e4rets djup och upplevelser som utmanar gr\u00e4nserna f\u00f6r traditionell intimitet. V\u00e5r webbplats \u00e4r din nyckel till att l\u00e5sa upp en v\u00e4rld d\u00e4r f\u00f6rf\u00f6relse \u00e4r en konst och kontakt bara ett klick bort.<\/p>\n<p>S\u00e5 n\u00e4r du utforskar v\u00e5r katalog av vuxenchattar och f\u00f6rdjupar dig i rikedomen i v\u00e5rt skriftliga utbud, kom ih\u00e5g att vi inte bara \u00e4r en webbplats. Vi \u00e4r kr\u00f6nik\u00f6rer, samlare, f\u00f6rvaltare av ett bibliotek d\u00e4r ber\u00e4ttelser om passion och kontakt v\u00e4ntar, redo att skrivas, delas och avnjutas. V\u00e4lkommen till v\u00e5r v\u00e4rld; v\u00e4lkommen till en oas av vuxen diskurs och utforskning.<\/p>","protected":false},"excerpt":{"rendered":"<p>I de r\u00f6kiga, svagt upplysta h\u00f6rnen av den digitala v\u00e4rlden, d\u00e4r passioner brinner och beg\u00e4r sjuder, finns en oas av ok\u00e4nda ber\u00e4ttelser och provokativa kontakter. V\u00e4lkommen till v\u00e5r fristad, en v\u00e4rld av vuxenchattar, d\u00e4r f\u00f6rf\u00f6riska ber\u00e4ttelser blandas med det fladdrande skenet fr\u00e5n webbkameror. P\u00e5 dessa virtuella gator \u00e4r vi mer \u00e4n bara en webbplats; vi \u00e4r det moderna biblioteket, salongen f\u00f6r vuxendiskurs, d\u00e4r samtal \u00f6verskrider det vardagliga. H\u00e4r m\u00f6ts f\u00f6rfattare av lustfylld litteratur och f\u00f6rfattare av beg\u00e4rsdrivna ber\u00e4ttelser, deras fj\u00e4derpennor doppade i bl\u00e4cket av onlineintimitet. Vi \u00e4r\u2026<\/p>","protected":false},"author":1,"featured_media":0,"parent":0,"menu_order":0,"comment_status":"closed","ping_status":"closed","template":"","meta":{"footnotes":""},"class_list":["post-44","page","type-page","status-publish","hentry"],"yoast_head":"<!-- This site is optimized with the Yoast SEO plugin v20.13 - https:\/\/yoast.com\/wordpress\/plugins\/seo\/ -->\n<title>Best catalog Sex Webcams - camchat<\/title>\n<meta name=\"robots\" content=\"index, follow, max-snippet:-1, max-image-preview:large, max-video-preview:-1\" \/>\n<link rel=\"canonical\" href=\"https:\/\/cam-chat.org\/sv\/o-nas\/\" \/>\n<meta property=\"og:locale\" content=\"sv_SE\" \/>\n<meta property=\"og:type\" content=\"article\" \/>\n<meta property=\"og:title\" content=\"Best catalog Sex Webcams - camchat\" \/>\n<meta property=\"og:description\" content=\"In the smoky, dimly lit corners of the digital world, where passions burn and desires simmer, there exists a haven of uncharted stories and provocative connections. Welcome to our sanctuary, a realm of adult chats, where seductive tales intermingle with the flickering glow of webcams. On these virtual streets, we&#8217;re more than a mere website; we&#8217;re the modern-day library, the saloon of adult discourse, where conversations transcend the mundane. Here, writers of lustful literature and authors of desire-fueled narratives converge, their quills dipped in the ink of online intimacy. We&#8217;re&hellip;\" \/>\n<meta property=\"og:url\" content=\"https:\/\/cam-chat.org\/sv\/o-nas\/\" \/>\n<meta property=\"og:site_name\" content=\"camchat\" \/>\n<meta property=\"article:modified_time\" content=\"2023-11-03T09:58:07+00:00\" \/>\n<meta name=\"twitter:card\" content=\"summary_large_image\" \/>\n<meta name=\"twitter:label1\" content=\"Ber\u00e4knad l\u00e4stid\" \/>\n\t<meta name=\"twitter:data1\" content=\"2 minuter\" \/>\n<script type=\"application\/ld+json\" class=\"yoast-schema-graph\">{\"@context\":\"https:\/\/schema.org\",\"@graph\":[{\"@type\":\"WebPage\",\"@id\":\"https:\/\/cam-chat.org\/o-nas\/\",\"url\":\"https:\/\/cam-chat.org\/o-nas\/\",\"name\":\"Best catalog Sex Webcams - camchat\",\"isPartOf\":{\"@id\":\"https:\/\/cam-chat.org\/#website\"},\"datePublished\":\"2023-08-08T16:57:06+00:00\",\"dateModified\":\"2023-11-03T09:58:07+00:00\",\"breadcrumb\":{\"@id\":\"https:\/\/cam-chat.org\/o-nas\/#breadcrumb\"},\"inLanguage\":\"sv-SE\",\"potentialAction\":[{\"@type\":\"ReadAction\",\"target\":[\"https:\/\/cam-chat.org\/o-nas\/\"]}]},{\"@type\":\"BreadcrumbList\",\"@id\":\"https:\/\/cam-chat.org\/o-nas\/#breadcrumb\",\"itemListElement\":[{\"@type\":\"ListItem\",\"position\":1,\"name\":\"\u0413\u043b\u0430\u0432\u043d\u0430\u044f \u0441\u0442\u0440\u0430\u043d\u0438\u0446\u0430\",\"item\":\"https:\/\/cam-chat.org\/\"},{\"@type\":\"ListItem\",\"position\":2,\"name\":\"Best catalog Sex Webcams\"}]},{\"@type\":\"WebSite\",\"@id\":\"https:\/\/cam-chat.org\/#website\",\"url\":\"https:\/\/cam-chat.org\/\",\"name\":\"camchat\",\"description\":\"Blog catalog about vulgar video chats for an adult audience\",\"publisher\":{\"@id\":\"https:\/\/cam-chat.org\/#organization\"},\"potentialAction\":[{\"@type\":\"SearchAction\",\"target\":{\"@type\":\"EntryPoint\",\"urlTemplate\":\"https:\/\/cam-chat.org\/?s={search_term_string}\"},\"query-input\":\"required name=search_term_string\"}],\"inLanguage\":\"sv-SE\"},{\"@type\":\"Organization\",\"@id\":\"https:\/\/cam-chat.org\/#organization\",\"name\":\"camchat\",\"url\":\"https:\/\/cam-chat.org\/\",\"logo\":{\"@type\":\"ImageObject\",\"inLanguage\":\"sv-SE\",\"@id\":\"https:\/\/cam-chat.org\/#\/schema\/logo\/image\/\",\"url\":\"https:\/\/cam-chat.org\/wp-content\/uploads\/2023\/08\/logo-1.png\",\"contentUrl\":\"https:\/\/cam-chat.org\/wp-content\/uploads\/2023\/08\/logo-1.png\",\"width\":220,\"height\":39,\"caption\":\"camchat\"},\"image\":{\"@id\":\"https:\/\/cam-chat.org\/#\/schema\/logo\/image\/\"}}]}<\/script>\n<!-- \/ Yoast SEO plugin. -->","yoast_head_json":{"title":"B\u00e4sta katalogen Sexwebbkameror - camchat","robots":{"index":"index","follow":"follow","max-snippet":"max-snippet:-1","max-image-preview":"max-image-preview:large","max-video-preview":"max-video-preview:-1"},"canonical":"https:\/\/cam-chat.org\/sv\/o-nas\/","og_locale":"sv_SE","og_type":"article","og_title":"Best catalog Sex Webcams - camchat","og_description":"In the smoky, dimly lit corners of the digital world, where passions burn and desires simmer, there exists a haven of uncharted stories and provocative connections. Welcome to our sanctuary, a realm of adult chats, where seductive tales intermingle with the flickering glow of webcams. On these virtual streets, we&#8217;re more than a mere website; we&#8217;re the modern-day library, the saloon of adult discourse, where conversations transcend the mundane. Here, writers of lustful literature and authors of desire-fueled narratives converge, their quills dipped in the ink of online intimacy. We&#8217;re&hellip;","og_url":"https:\/\/cam-chat.org\/sv\/o-nas\/","og_site_name":"camchat","article_modified_time":"2023-11-03T09:58:07+00:00","twitter_card":"summary_large_image","twitter_misc":{"Ber\u00e4knad l\u00e4stid":"2 minuter"},"schema":{"@context":"https:\/\/schema.org","@graph":[{"@type":"WebPage","@id":"https:\/\/cam-chat.org\/o-nas\/","url":"https:\/\/cam-chat.org\/o-nas\/","name":"B\u00e4sta katalogen Sexwebbkameror - camchat","isPartOf":{"@id":"https:\/\/cam-chat.org\/#website"},"datePublished":"2023-08-08T16:57:06+00:00","dateModified":"2023-11-03T09:58:07+00:00","breadcrumb":{"@id":"https:\/\/cam-chat.org\/o-nas\/#breadcrumb"},"inLanguage":"sv-SE","potentialAction":[{"@type":"ReadAction","target":["https:\/\/cam-chat.org\/o-nas\/"]}]},{"@type":"BreadcrumbList","@id":"https:\/\/cam-chat.org\/o-nas\/#breadcrumb","itemListElement":[{"@type":"ListItem","position":1,"name":"\u0413\u043b\u0430\u0432\u043d\u0430\u044f \u0441\u0442\u0440\u0430\u043d\u0438\u0446\u0430","item":"https:\/\/cam-chat.org\/"},{"@type":"ListItem","position":2,"name":"Best catalog Sex Webcams"}]},{"@type":"WebSite","@id":"https:\/\/cam-chat.org\/#website","url":"https:\/\/cam-chat.org\/","name":"camchat","description":"Bloggkatalog om vulg\u00e4ra videochattar f\u00f6r en vuxen publik","publisher":{"@id":"https:\/\/cam-chat.org\/#organization"},"potentialAction":[{"@type":"SearchAction","target":{"@type":"EntryPoint","urlTemplate":"https:\/\/cam-chat.org\/?s={search_term_string}"},"query-input":"required name=search_term_string"}],"inLanguage":"sv-SE"},{"@type":"Organization","@id":"https:\/\/cam-chat.org\/#organization","name":"camchat","url":"https:\/\/cam-chat.org\/","logo":{"@type":"ImageObject","inLanguage":"sv-SE","@id":"https:\/\/cam-chat.org\/#\/schema\/logo\/image\/","url":"https:\/\/cam-chat.org\/wp-content\/uploads\/2023\/08\/logo-1.png","contentUrl":"https:\/\/cam-chat.org\/wp-content\/uploads\/2023\/08\/logo-1.png","width":220,"height":39,"caption":"camchat"},"image":{"@id":"https:\/\/cam-chat.org\/#\/schema\/logo\/image\/"}}]}},"_links":{"self":[{"href":"https:\/\/cam-chat.org\/sv\/wp-json\/wp\/v2\/pages\/44","targetHints":{"allow":["GET"]}}],"collection":[{"href":"https:\/\/cam-chat.org\/sv\/wp-json\/wp\/v2\/pages"}],"about":[{"href":"https:\/\/cam-chat.org\/sv\/wp-json\/wp\/v2\/types\/page"}],"author":[{"embeddable":true,"href":"https:\/\/cam-chat.org\/sv\/wp-json\/wp\/v2\/users\/1"}],"replies":[{"embeddable":true,"href":"https:\/\/cam-chat.org\/sv\/wp-json\/wp\/v2\/comments?post=44"}],"version-history":[{"count":2,"href":"https:\/\/cam-chat.org\/sv\/wp-json\/wp\/v2\/pages\/44\/revisions"}],"predecessor-version":[{"id":184,"href":"https:\/\/cam-chat.org\/sv\/wp-json\/wp\/v2\/pages\/44\/revisions\/184"}],"wp:attachment":[{"href":"https:\/\/cam-chat.org\/sv\/wp-json\/wp\/v2\/media?parent=44"}],"curies":[{"name":"wp","href":"https:\/\/api.w.org\/{rel}","templated":true}]}}