{"id":44,"date":"2023-08-08T16:57:06","date_gmt":"2023-08-08T16:57:06","guid":{"rendered":"https:\/\/defiscalisant.com\/?page_id=44"},"modified":"2023-11-03T09:58:07","modified_gmt":"2023-11-03T09:58:07","slug":"o-nas","status":"publish","type":"page","link":"https:\/\/cam-chat.org\/it\/o-nas\/","title":{"rendered":"Il miglior catalogo di webcam erotiche"},"content":{"rendered":"<p>Negli angoli fumosi e scarsamente illuminati del mondo digitale, dove le passioni ardono e i desideri ribollono, esiste un rifugio di storie inesplorate e connessioni provocatorie. Benvenuti nel nostro santuario, un regno di chat per adulti, dove storie seducenti si mescolano al bagliore tremolante delle webcam.<\/p>\n<p>Su queste strade virtuali, siamo pi\u00f9 di un semplice sito web; siamo la biblioteca moderna, il salotto del discorso adulto, dove le conversazioni trascendono il banale. Qui, scrittori di letteratura lussuriosa e autori di narrazioni alimentate dal desiderio convergono, le loro penne immerse nell&#039;inchiostro dell&#039;intimit\u00e0 online.<\/p>\n<p>Siamo pi\u00f9 di un catalogo; siamo i cronisti della passione digitale, gli scribi della connessione virtuale, dove articoli e saggi drappeggiano i palcoscenici della sensualit\u00e0. I nostri calamai virtuali non si esauriscono mai, ogni goccia alimenta il serbatoio della vostra curiosit\u00e0, alimentando le fiamme del desiderio mentre ci immergiamo nel mondo delle webcam.<\/p>\n<p>&nbsp;<\/p>\n<h2 style=\"text-align: center;\">Sussurri nell&#039;oscurit\u00e0 digitale: esplorare il regno delle chat per adulti<\/h2>\n<p>Le novit\u00e0 dell&#039;era digitale si dipanano sulle nostre pagine, offrendovi gli spunti e gli aggiornamenti pi\u00f9 freschi dall&#039;allettante universo delle connessioni online. L&#039;intrigo e le storie sensuali che si svolgono dietro l&#039;obiettivo trovano qui il loro palcoscenico, dove l&#039;autenticit\u00e0 incontra l&#039;anonimato e la connessione trova una casa virtuale.<\/p>\n<p>&nbsp;<\/p>\n<p><strong>Le storie dietro il velo: intuizioni e illuminazioni<\/strong><\/p>\n<p>I nostri corridoi virtuali sussurrano storie e provocazioni. Qui, le parole prendono vita, proprio come in un classico romanzo americano, tessendo narrazioni che approfondiscono le sfumature delle chat per adulti. Il nostro archivio non \u00e8 solo un forum per desideri carnali; \u00e8 una miniera di spunti, discussioni e rivelazioni che esplorano l&#039;intrigante mondo delle interazioni tramite webcam.<\/p>\n<p>Qui, tra le pagine del nostro archivio digitale, scoprirai storie ancora da raccontare, prospettive che esplorano le profondit\u00e0 del desiderio ed esperienze che sfidano i confini dell&#039;intimit\u00e0 tradizionale. Il nostro sito \u00e8 la chiave per accedere a un mondo in cui la seduzione \u00e8 un&#039;arte e la connessione \u00e8 a portata di clic.<\/p>\n<p>Quindi, mentre esplorate il nostro catalogo di chat per adulti e vi immergete nella ricchezza della nostra offerta scritta, ricordate che non siamo solo un sito web. Siamo i cronisti, i collezionisti, i custodi di una biblioteca dove storie di passione e connessione attendono, pronte per essere scritte, condivise e assaporate. Benvenuti nel nostro mondo; benvenuti nel paradiso del dialogo e dell&#039;esplorazione per adulti.<\/p>","protected":false},"excerpt":{"rendered":"<p>Negli angoli fumosi e scarsamente illuminati del mondo digitale, dove le passioni ardono e i desideri ribollono, esiste un rifugio di storie inesplorate e connessioni provocanti. Benvenuti nel nostro santuario, un regno di chat per adulti, dove racconti seducenti si mescolano al bagliore tremolante delle webcam. In queste strade virtuali, siamo pi\u00f9 di un semplice sito web; siamo la biblioteca moderna, il saloon del discorso per adulti, dove le conversazioni trascendono la banalit\u00e0. Qui convergono scrittori di letteratura erotica e autori di narrazioni alimentate dal desiderio, le loro penne intinte nell&#039;inchiostro dell&#039;intimit\u00e0 online. Noi siamo\u2026<\/p>","protected":false},"author":1,"featured_media":0,"parent":0,"menu_order":0,"comment_status":"closed","ping_status":"closed","template":"","meta":{"footnotes":""},"class_list":["post-44","page","type-page","status-publish","hentry"],"yoast_head":"<!-- This site is optimized with the Yoast SEO plugin v20.13 - https:\/\/yoast.com\/wordpress\/plugins\/seo\/ -->\n<title>Best catalog Sex Webcams - camchat<\/title>\n<meta name=\"robots\" content=\"index, follow, max-snippet:-1, max-image-preview:large, max-video-preview:-1\" \/>\n<link rel=\"canonical\" href=\"https:\/\/cam-chat.org\/it\/o-nas\/\" \/>\n<meta property=\"og:locale\" content=\"it_IT\" \/>\n<meta property=\"og:type\" content=\"article\" \/>\n<meta property=\"og:title\" content=\"Best catalog Sex Webcams - camchat\" \/>\n<meta property=\"og:description\" content=\"In the smoky, dimly lit corners of the digital world, where passions burn and desires simmer, there exists a haven of uncharted stories and provocative connections. Welcome to our sanctuary, a realm of adult chats, where seductive tales intermingle with the flickering glow of webcams. On these virtual streets, we&#8217;re more than a mere website; we&#8217;re the modern-day library, the saloon of adult discourse, where conversations transcend the mundane. Here, writers of lustful literature and authors of desire-fueled narratives converge, their quills dipped in the ink of online intimacy. We&#8217;re&hellip;\" \/>\n<meta property=\"og:url\" content=\"https:\/\/cam-chat.org\/it\/o-nas\/\" \/>\n<meta property=\"og:site_name\" content=\"camchat\" \/>\n<meta property=\"article:modified_time\" content=\"2023-11-03T09:58:07+00:00\" \/>\n<meta name=\"twitter:card\" content=\"summary_large_image\" \/>\n<meta name=\"twitter:label1\" content=\"Tempo di lettura stimato\" \/>\n\t<meta name=\"twitter:data1\" content=\"2 minuti\" \/>\n<script type=\"application\/ld+json\" class=\"yoast-schema-graph\">{\"@context\":\"https:\/\/schema.org\",\"@graph\":[{\"@type\":\"WebPage\",\"@id\":\"https:\/\/cam-chat.org\/o-nas\/\",\"url\":\"https:\/\/cam-chat.org\/o-nas\/\",\"name\":\"Best catalog Sex Webcams - camchat\",\"isPartOf\":{\"@id\":\"https:\/\/cam-chat.org\/#website\"},\"datePublished\":\"2023-08-08T16:57:06+00:00\",\"dateModified\":\"2023-11-03T09:58:07+00:00\",\"breadcrumb\":{\"@id\":\"https:\/\/cam-chat.org\/o-nas\/#breadcrumb\"},\"inLanguage\":\"it-IT\",\"potentialAction\":[{\"@type\":\"ReadAction\",\"target\":[\"https:\/\/cam-chat.org\/o-nas\/\"]}]},{\"@type\":\"BreadcrumbList\",\"@id\":\"https:\/\/cam-chat.org\/o-nas\/#breadcrumb\",\"itemListElement\":[{\"@type\":\"ListItem\",\"position\":1,\"name\":\"\u0413\u043b\u0430\u0432\u043d\u0430\u044f \u0441\u0442\u0440\u0430\u043d\u0438\u0446\u0430\",\"item\":\"https:\/\/cam-chat.org\/\"},{\"@type\":\"ListItem\",\"position\":2,\"name\":\"Best catalog Sex Webcams\"}]},{\"@type\":\"WebSite\",\"@id\":\"https:\/\/cam-chat.org\/#website\",\"url\":\"https:\/\/cam-chat.org\/\",\"name\":\"camchat\",\"description\":\"Blog catalog about vulgar video chats for an adult audience\",\"publisher\":{\"@id\":\"https:\/\/cam-chat.org\/#organization\"},\"potentialAction\":[{\"@type\":\"SearchAction\",\"target\":{\"@type\":\"EntryPoint\",\"urlTemplate\":\"https:\/\/cam-chat.org\/?s={search_term_string}\"},\"query-input\":\"required name=search_term_string\"}],\"inLanguage\":\"it-IT\"},{\"@type\":\"Organization\",\"@id\":\"https:\/\/cam-chat.org\/#organization\",\"name\":\"camchat\",\"url\":\"https:\/\/cam-chat.org\/\",\"logo\":{\"@type\":\"ImageObject\",\"inLanguage\":\"it-IT\",\"@id\":\"https:\/\/cam-chat.org\/#\/schema\/logo\/image\/\",\"url\":\"https:\/\/cam-chat.org\/wp-content\/uploads\/2023\/08\/logo-1.png\",\"contentUrl\":\"https:\/\/cam-chat.org\/wp-content\/uploads\/2023\/08\/logo-1.png\",\"width\":220,\"height\":39,\"caption\":\"camchat\"},\"image\":{\"@id\":\"https:\/\/cam-chat.org\/#\/schema\/logo\/image\/\"}}]}<\/script>\n<!-- \/ Yoast SEO plugin. -->","yoast_head_json":{"title":"Il miglior catalogo di webcam erotiche - camchat","robots":{"index":"index","follow":"follow","max-snippet":"max-snippet:-1","max-image-preview":"max-image-preview:large","max-video-preview":"max-video-preview:-1"},"canonical":"https:\/\/cam-chat.org\/it\/o-nas\/","og_locale":"it_IT","og_type":"article","og_title":"Best catalog Sex Webcams - camchat","og_description":"In the smoky, dimly lit corners of the digital world, where passions burn and desires simmer, there exists a haven of uncharted stories and provocative connections. Welcome to our sanctuary, a realm of adult chats, where seductive tales intermingle with the flickering glow of webcams. On these virtual streets, we&#8217;re more than a mere website; we&#8217;re the modern-day library, the saloon of adult discourse, where conversations transcend the mundane. Here, writers of lustful literature and authors of desire-fueled narratives converge, their quills dipped in the ink of online intimacy. We&#8217;re&hellip;","og_url":"https:\/\/cam-chat.org\/it\/o-nas\/","og_site_name":"camchat","article_modified_time":"2023-11-03T09:58:07+00:00","twitter_card":"summary_large_image","twitter_misc":{"Tempo di lettura stimato":"2 minuti"},"schema":{"@context":"https:\/\/schema.org","@graph":[{"@type":"WebPage","@id":"https:\/\/cam-chat.org\/o-nas\/","url":"https:\/\/cam-chat.org\/o-nas\/","name":"Il miglior catalogo di webcam erotiche - camchat","isPartOf":{"@id":"https:\/\/cam-chat.org\/#website"},"datePublished":"2023-08-08T16:57:06+00:00","dateModified":"2023-11-03T09:58:07+00:00","breadcrumb":{"@id":"https:\/\/cam-chat.org\/o-nas\/#breadcrumb"},"inLanguage":"it-IT","potentialAction":[{"@type":"ReadAction","target":["https:\/\/cam-chat.org\/o-nas\/"]}]},{"@type":"BreadcrumbList","@id":"https:\/\/cam-chat.org\/o-nas\/#breadcrumb","itemListElement":[{"@type":"ListItem","position":1,"name":"\u0413\u043b\u0430\u0432\u043d\u0430\u044f \u0441\u0442\u0440\u0430\u043d\u0438\u0446\u0430","item":"https:\/\/cam-chat.org\/"},{"@type":"ListItem","position":2,"name":"Best catalog Sex Webcams"}]},{"@type":"WebSite","@id":"https:\/\/cam-chat.org\/#website","url":"https:\/\/cam-chat.org\/","name":"camchat","description":"Catalogo blog sulle chat video volgari per un pubblico adulto","publisher":{"@id":"https:\/\/cam-chat.org\/#organization"},"potentialAction":[{"@type":"SearchAction","target":{"@type":"EntryPoint","urlTemplate":"https:\/\/cam-chat.org\/?s={search_term_string}"},"query-input":"required name=search_term_string"}],"inLanguage":"it-IT"},{"@type":"Organization","@id":"https:\/\/cam-chat.org\/#organization","name":"camchat","url":"https:\/\/cam-chat.org\/","logo":{"@type":"ImageObject","inLanguage":"it-IT","@id":"https:\/\/cam-chat.org\/#\/schema\/logo\/image\/","url":"https:\/\/cam-chat.org\/wp-content\/uploads\/2023\/08\/logo-1.png","contentUrl":"https:\/\/cam-chat.org\/wp-content\/uploads\/2023\/08\/logo-1.png","width":220,"height":39,"caption":"camchat"},"image":{"@id":"https:\/\/cam-chat.org\/#\/schema\/logo\/image\/"}}]}},"_links":{"self":[{"href":"https:\/\/cam-chat.org\/it\/wp-json\/wp\/v2\/pages\/44","targetHints":{"allow":["GET"]}}],"collection":[{"href":"https:\/\/cam-chat.org\/it\/wp-json\/wp\/v2\/pages"}],"about":[{"href":"https:\/\/cam-chat.org\/it\/wp-json\/wp\/v2\/types\/page"}],"author":[{"embeddable":true,"href":"https:\/\/cam-chat.org\/it\/wp-json\/wp\/v2\/users\/1"}],"replies":[{"embeddable":true,"href":"https:\/\/cam-chat.org\/it\/wp-json\/wp\/v2\/comments?post=44"}],"version-history":[{"count":2,"href":"https:\/\/cam-chat.org\/it\/wp-json\/wp\/v2\/pages\/44\/revisions"}],"predecessor-version":[{"id":184,"href":"https:\/\/cam-chat.org\/it\/wp-json\/wp\/v2\/pages\/44\/revisions\/184"}],"wp:attachment":[{"href":"https:\/\/cam-chat.org\/it\/wp-json\/wp\/v2\/media?parent=44"}],"curies":[{"name":"parola chiave","href":"https:\/\/api.w.org\/{rel}","templated":true}]}}