{"id":44,"date":"2023-08-08T16:57:06","date_gmt":"2023-08-08T16:57:06","guid":{"rendered":"https:\/\/defiscalisant.com\/?page_id=44"},"modified":"2023-11-03T09:58:07","modified_gmt":"2023-11-03T09:58:07","slug":"o-nas","status":"publish","type":"page","link":"https:\/\/cam-chat.org\/hu\/o-nas\/","title":{"rendered":"Legjobb Szex Webkamer\u00e1k Katal\u00f3gus"},"content":{"rendered":"<p>A digit\u00e1lis vil\u00e1g f\u00fcst\u00f6s, f\u00e9lhom\u00e1lyos zugaiban, ahol a szenved\u00e9lyek l\u00e1ngolnak \u00e9s a v\u00e1gyak fortyognak, ott rejt\u0151zik a felt\u00e9rk\u00e9pezetlen t\u00f6rt\u00e9netek \u00e9s provokat\u00edv kapcsolatok mened\u00e9ke. \u00dcdv\u00f6zl\u00fcnk szent\u00e9ly\u00fcnkben, a feln\u0151tt cseveg\u00e9sek birodalm\u00e1ban, ahol a cs\u00e1b\u00edt\u00f3 t\u00f6rt\u00e9netek keverednek a webkamer\u00e1k pisl\u00e1kol\u00f3 f\u00e9ny\u00e9vel.<\/p>\n<p>Ezeken a virtu\u00e1lis utc\u00e1kon t\u00f6bbet jelent\u00fcnk egy egyszer\u0171 weboldaln\u00e1l; mi vagyunk a modern kori k\u00f6nyvt\u00e1r, a feln\u0151tt diskurzus szalonja, ahol a besz\u00e9lget\u00e9sek t\u00fall\u00e9pnek a h\u00e9tk\u00f6znapokon. Itt a k\u00e9jv\u00e1gy\u00f3 irodalom \u00edr\u00f3i \u00e9s a v\u00e1gyak vez\u00e9relte narrat\u00edv\u00e1k szerz\u0151i tal\u00e1lkoznak, tolluk az online intimit\u00e1s tint\u00e1j\u00e1ba m\u00e1rtva.<\/p>\n<p>T\u00f6bbek vagyunk, mint egy katal\u00f3gus; a digit\u00e1lis szenved\u00e9ly kr\u00f3nik\u00e1sai, a virtu\u00e1lis kapcsolatok \u00edrnokai vagyunk, ahol cikkek \u00e9s essz\u00e9k bor\u00edtj\u00e1k az \u00e9rz\u00e9kis\u00e9g sz\u00edntereit. Virtu\u00e1lis tintatart\u00f3ink sosem fogynak ki, minden csepp a k\u00edv\u00e1ncsis\u00e1god t\u00e1rh\u00e1z\u00e1t t\u00e1pl\u00e1lja, t\u00e1pl\u00e1lva a v\u00e1gy l\u00e1ngjait, mik\u00f6zben elmer\u00fcl\u00fcnk a webkamer\u00e1k vil\u00e1g\u00e1ban.<\/p>\n<p>&nbsp;<\/p>\n<h2 style=\"text-align: center;\">Suttog\u00e1sok a digit\u00e1lis s\u00f6t\u00e9tben: Felfedez\u00e9s a feln\u0151tt cseveg\u00e9sek birodalm\u00e1ban<\/h2>\n<p>Oldalainkon a digit\u00e1lis kor h\u00edrei bontakoznak ki, elhozva a legfrissebb inform\u00e1ci\u00f3kat \u00e9s h\u00edreket az online kapcsolatok cs\u00e1b\u00edt\u00f3 univerzum\u00e1b\u00f3l. Az objekt\u00edv m\u00f6g\u00f6tt lej\u00e1tsz\u00f3d\u00f3 intrik\u00e1k \u00e9s \u00e9rz\u00e9ki t\u00f6rt\u00e9netek itt egy olyan sz\u00ednpadra ker\u00fclnek, ahol a hiteless\u00e9g tal\u00e1lkozik az anonimit\u00e1ssal, \u00e9s a kapcsolat virtu\u00e1lis otthonra lel.<\/p>\n<p>&nbsp;<\/p>\n<p><strong>A f\u00e1tyol m\u00f6g\u00f6tti t\u00f6rt\u00e9netek: megl\u00e1t\u00e1sok \u00e9s megvil\u00e1gosod\u00e1sok<\/strong><\/p>\n<p>Virtu\u00e1lis folyos\u00f3ink mes\u00e9kt\u0151l \u00e9s provok\u00e1ci\u00f3kt\u00f3l suttognak. Itt a szavak \u00e9letre kelnek, ak\u00e1rcsak egy klasszikus amerikai reg\u00e9nyben, olyan t\u00f6rt\u00e9neteket sz\u0151ve, amelyek m\u00e9lyen belemer\u00fclnek a feln\u0151tt cseveg\u00e9sek \u00e1rnyalataiba. T\u00e1rhely\u00fcnk nem csup\u00e1n a testi v\u00e1gyak f\u00f3ruma; egy kincsesb\u00e1nya megl\u00e1t\u00e1soknak, besz\u00e9lget\u00e9seknek \u00e9s leleplez\u0151 \u00edr\u00e1soknak, amelyek a webkamer\u00e1s interakci\u00f3k \u00e9rdekes vil\u00e1g\u00e1t t\u00e1rj\u00e1k fel.<\/p>\n<p>Digit\u00e1lis arch\u00edvumunk lapjain felfedezheted a m\u00e9g el nem mes\u00e9lt t\u00f6rt\u00e9neteket, a v\u00e1gyak m\u00e9lys\u00e9geit felt\u00e1r\u00f3 perspekt\u00edv\u00e1kat \u00e9s a hagyom\u00e1nyos intimit\u00e1s hat\u00e1rait feszeget\u0151 \u00e9lm\u00e9nyeket. Oldalunk a kulcs egy olyan vil\u00e1g megnyit\u00e1s\u00e1hoz, ahol a cs\u00e1b\u00edt\u00e1s m\u0171v\u00e9szet, a kapcsolat pedig egy kattint\u00e1snyira van.<\/p>\n<p>Teh\u00e1t, mik\u00f6zben b\u00f6ng\u00e9szel feln\u0151tt cseveg\u00e9seink katal\u00f3gus\u00e1ban \u00e9s elmer\u00fclsz \u00edrott k\u00edn\u00e1latunk gazdags\u00e1g\u00e1ban, ne feledd, hogy nem csup\u00e1n egy weboldal vagyunk. Mi vagyunk a kr\u00f3nik\u00e1sok, a gy\u0171jt\u0151k, egy k\u00f6nyvt\u00e1r \u0151rz\u0151i, ahol a szenved\u00e9ly \u00e9s a kapcsolatok t\u00f6rt\u00e9netei v\u00e1rnak r\u00e1d, k\u00e9szen arra, hogy meg\u00edrj\u00e1k, megossz\u00e1k \u00e9s \u00e9lvezz\u00e9k \u0151ket. \u00dcdv\u00f6zl\u00fcnk a vil\u00e1gunkban; \u00fcdv\u00f6zl\u00fcnk a feln\u0151tt diskurzus \u00e9s felfedez\u00e9s mened\u00e9k\u00e9ben.<\/p>","protected":false},"excerpt":{"rendered":"<p>A digit\u00e1lis vil\u00e1g f\u00fcst\u00f6s, f\u00e9lhom\u00e1lyos szegleteiben, ahol a szenved\u00e9lyek l\u00e1ngolnak \u00e9s a v\u00e1gyak fortyognak, ott van a felt\u00e9rk\u00e9pezetlen t\u00f6rt\u00e9netek \u00e9s provokat\u00edv kapcsolatok mened\u00e9ke. \u00dcdv\u00f6zl\u00fcnk szent\u00e9ly\u00fcnkben, a feln\u0151tt cseveg\u00e9sek birodalm\u00e1ban, ahol cs\u00e1b\u00edt\u00f3 t\u00f6rt\u00e9netek keverednek a webkamer\u00e1k pisl\u00e1kol\u00f3 f\u00e9ny\u00e9vel. Ezeken a virtu\u00e1lis utc\u00e1kon t\u00f6bbet vagyunk, mint egy egyszer\u0171 weboldal; mi vagyunk a modern kori k\u00f6nyvt\u00e1r, a feln\u0151tt diskurzus szalonja, ahol a besz\u00e9lget\u00e9sek t\u00fall\u00e9pnek a h\u00e9tk\u00f6znapokon. Itt a k\u00e9js\u00f3v\u00e1r irodalom \u00edr\u00f3i \u00e9s a v\u00e1gyak \u00e1ltal vez\u00e9relt narrat\u00edv\u00e1k szerz\u0151i tal\u00e1lkoznak, tolluk az online intimit\u00e1s tint\u00e1j\u00e1ba m\u00e1rtva. Mi\u2026<\/p>","protected":false},"author":1,"featured_media":0,"parent":0,"menu_order":0,"comment_status":"closed","ping_status":"closed","template":"","meta":{"footnotes":""},"class_list":["post-44","page","type-page","status-publish","hentry"],"yoast_head":"<!-- This site is optimized with the Yoast SEO plugin v20.13 - https:\/\/yoast.com\/wordpress\/plugins\/seo\/ -->\n<title>Best catalog Sex Webcams - camchat<\/title>\n<meta name=\"robots\" content=\"index, follow, max-snippet:-1, max-image-preview:large, max-video-preview:-1\" \/>\n<link rel=\"canonical\" href=\"https:\/\/cam-chat.org\/hu\/o-nas\/\" \/>\n<meta property=\"og:locale\" content=\"hu_HU\" \/>\n<meta property=\"og:type\" content=\"article\" \/>\n<meta property=\"og:title\" content=\"Best catalog Sex Webcams - camchat\" \/>\n<meta property=\"og:description\" content=\"In the smoky, dimly lit corners of the digital world, where passions burn and desires simmer, there exists a haven of uncharted stories and provocative connections. Welcome to our sanctuary, a realm of adult chats, where seductive tales intermingle with the flickering glow of webcams. On these virtual streets, we&#8217;re more than a mere website; we&#8217;re the modern-day library, the saloon of adult discourse, where conversations transcend the mundane. Here, writers of lustful literature and authors of desire-fueled narratives converge, their quills dipped in the ink of online intimacy. We&#8217;re&hellip;\" \/>\n<meta property=\"og:url\" content=\"https:\/\/cam-chat.org\/hu\/o-nas\/\" \/>\n<meta property=\"og:site_name\" content=\"camchat\" \/>\n<meta property=\"article:modified_time\" content=\"2023-11-03T09:58:07+00:00\" \/>\n<meta name=\"twitter:card\" content=\"summary_large_image\" \/>\n<meta name=\"twitter:label1\" content=\"Becs\u00fclt olvas\u00e1si id\u0151\" \/>\n\t<meta name=\"twitter:data1\" content=\"2 perc\" \/>\n<script type=\"application\/ld+json\" class=\"yoast-schema-graph\">{\"@context\":\"https:\/\/schema.org\",\"@graph\":[{\"@type\":\"WebPage\",\"@id\":\"https:\/\/cam-chat.org\/o-nas\/\",\"url\":\"https:\/\/cam-chat.org\/o-nas\/\",\"name\":\"Best catalog Sex Webcams - camchat\",\"isPartOf\":{\"@id\":\"https:\/\/cam-chat.org\/#website\"},\"datePublished\":\"2023-08-08T16:57:06+00:00\",\"dateModified\":\"2023-11-03T09:58:07+00:00\",\"breadcrumb\":{\"@id\":\"https:\/\/cam-chat.org\/o-nas\/#breadcrumb\"},\"inLanguage\":\"hu\",\"potentialAction\":[{\"@type\":\"ReadAction\",\"target\":[\"https:\/\/cam-chat.org\/o-nas\/\"]}]},{\"@type\":\"BreadcrumbList\",\"@id\":\"https:\/\/cam-chat.org\/o-nas\/#breadcrumb\",\"itemListElement\":[{\"@type\":\"ListItem\",\"position\":1,\"name\":\"\u0413\u043b\u0430\u0432\u043d\u0430\u044f \u0441\u0442\u0440\u0430\u043d\u0438\u0446\u0430\",\"item\":\"https:\/\/cam-chat.org\/\"},{\"@type\":\"ListItem\",\"position\":2,\"name\":\"Best catalog Sex Webcams\"}]},{\"@type\":\"WebSite\",\"@id\":\"https:\/\/cam-chat.org\/#website\",\"url\":\"https:\/\/cam-chat.org\/\",\"name\":\"camchat\",\"description\":\"Blog catalog about vulgar video chats for an adult audience\",\"publisher\":{\"@id\":\"https:\/\/cam-chat.org\/#organization\"},\"potentialAction\":[{\"@type\":\"SearchAction\",\"target\":{\"@type\":\"EntryPoint\",\"urlTemplate\":\"https:\/\/cam-chat.org\/?s={search_term_string}\"},\"query-input\":\"required name=search_term_string\"}],\"inLanguage\":\"hu\"},{\"@type\":\"Organization\",\"@id\":\"https:\/\/cam-chat.org\/#organization\",\"name\":\"camchat\",\"url\":\"https:\/\/cam-chat.org\/\",\"logo\":{\"@type\":\"ImageObject\",\"inLanguage\":\"hu\",\"@id\":\"https:\/\/cam-chat.org\/#\/schema\/logo\/image\/\",\"url\":\"https:\/\/cam-chat.org\/wp-content\/uploads\/2023\/08\/logo-1.png\",\"contentUrl\":\"https:\/\/cam-chat.org\/wp-content\/uploads\/2023\/08\/logo-1.png\",\"width\":220,\"height\":39,\"caption\":\"camchat\"},\"image\":{\"@id\":\"https:\/\/cam-chat.org\/#\/schema\/logo\/image\/\"}}]}<\/script>\n<!-- \/ Yoast SEO plugin. -->","yoast_head_json":{"title":"Legjobb Szex Webkamer\u00e1k Katal\u00f3gus - camchat","robots":{"index":"index","follow":"follow","max-snippet":"max-snippet:-1","max-image-preview":"max-image-preview:large","max-video-preview":"max-video-preview:-1"},"canonical":"https:\/\/cam-chat.org\/hu\/o-nas\/","og_locale":"hu_HU","og_type":"article","og_title":"Best catalog Sex Webcams - camchat","og_description":"In the smoky, dimly lit corners of the digital world, where passions burn and desires simmer, there exists a haven of uncharted stories and provocative connections. Welcome to our sanctuary, a realm of adult chats, where seductive tales intermingle with the flickering glow of webcams. On these virtual streets, we&#8217;re more than a mere website; we&#8217;re the modern-day library, the saloon of adult discourse, where conversations transcend the mundane. Here, writers of lustful literature and authors of desire-fueled narratives converge, their quills dipped in the ink of online intimacy. We&#8217;re&hellip;","og_url":"https:\/\/cam-chat.org\/hu\/o-nas\/","og_site_name":"camchat","article_modified_time":"2023-11-03T09:58:07+00:00","twitter_card":"summary_large_image","twitter_misc":{"Becs\u00fclt olvas\u00e1si id\u0151":"2 perc"},"schema":{"@context":"https:\/\/schema.org","@graph":[{"@type":"WebPage","@id":"https:\/\/cam-chat.org\/o-nas\/","url":"https:\/\/cam-chat.org\/o-nas\/","name":"Legjobb Szex Webkamer\u00e1k Katal\u00f3gus - camchat","isPartOf":{"@id":"https:\/\/cam-chat.org\/#website"},"datePublished":"2023-08-08T16:57:06+00:00","dateModified":"2023-11-03T09:58:07+00:00","breadcrumb":{"@id":"https:\/\/cam-chat.org\/o-nas\/#breadcrumb"},"inLanguage":"hu","potentialAction":[{"@type":"ReadAction","target":["https:\/\/cam-chat.org\/o-nas\/"]}]},{"@type":"BreadcrumbList","@id":"https:\/\/cam-chat.org\/o-nas\/#breadcrumb","itemListElement":[{"@type":"ListItem","position":1,"name":"\u0413\u043b\u0430\u0432\u043d\u0430\u044f \u0441\u0442\u0440\u0430\u043d\u0438\u0446\u0430","item":"https:\/\/cam-chat.org\/"},{"@type":"ListItem","position":2,"name":"Best catalog Sex Webcams"}]},{"@type":"WebSite","@id":"https:\/\/cam-chat.org\/#website","url":"https:\/\/cam-chat.org\/","name":"camchat","description":"Blogkatal\u00f3gus vulg\u00e1ris videocseveg\u00e9sekr\u0151l feln\u0151tt k\u00f6z\u00f6ns\u00e9gnek","publisher":{"@id":"https:\/\/cam-chat.org\/#organization"},"potentialAction":[{"@type":"SearchAction","target":{"@type":"EntryPoint","urlTemplate":"https:\/\/cam-chat.org\/?s={search_term_string}"},"query-input":"required name=search_term_string"}],"inLanguage":"hu"},{"@type":"Organization","@id":"https:\/\/cam-chat.org\/#organization","name":"camchat","url":"https:\/\/cam-chat.org\/","logo":{"@type":"ImageObject","inLanguage":"hu","@id":"https:\/\/cam-chat.org\/#\/schema\/logo\/image\/","url":"https:\/\/cam-chat.org\/wp-content\/uploads\/2023\/08\/logo-1.png","contentUrl":"https:\/\/cam-chat.org\/wp-content\/uploads\/2023\/08\/logo-1.png","width":220,"height":39,"caption":"camchat"},"image":{"@id":"https:\/\/cam-chat.org\/#\/schema\/logo\/image\/"}}]}},"_links":{"self":[{"href":"https:\/\/cam-chat.org\/hu\/wp-json\/wp\/v2\/pages\/44","targetHints":{"allow":["GET"]}}],"collection":[{"href":"https:\/\/cam-chat.org\/hu\/wp-json\/wp\/v2\/pages"}],"about":[{"href":"https:\/\/cam-chat.org\/hu\/wp-json\/wp\/v2\/types\/page"}],"author":[{"embeddable":true,"href":"https:\/\/cam-chat.org\/hu\/wp-json\/wp\/v2\/users\/1"}],"replies":[{"embeddable":true,"href":"https:\/\/cam-chat.org\/hu\/wp-json\/wp\/v2\/comments?post=44"}],"version-history":[{"count":2,"href":"https:\/\/cam-chat.org\/hu\/wp-json\/wp\/v2\/pages\/44\/revisions"}],"predecessor-version":[{"id":184,"href":"https:\/\/cam-chat.org\/hu\/wp-json\/wp\/v2\/pages\/44\/revisions\/184"}],"wp:attachment":[{"href":"https:\/\/cam-chat.org\/hu\/wp-json\/wp\/v2\/media?parent=44"}],"curies":[{"name":"munkaf\u00fczet","href":"https:\/\/api.w.org\/{rel}","templated":true}]}}