{"id":44,"date":"2023-08-08T16:57:06","date_gmt":"2023-08-08T16:57:06","guid":{"rendered":"https:\/\/defiscalisant.com\/?page_id=44"},"modified":"2023-11-03T09:58:07","modified_gmt":"2023-11-03T09:58:07","slug":"o-nas","status":"publish","type":"page","link":"https:\/\/cam-chat.org\/fr\/o-nas\/","title":{"rendered":"Meilleur catalogue Sexe Webcams"},"content":{"rendered":"<p>Dans les coins enfum\u00e9s et faiblement \u00e9clair\u00e9s du monde num\u00e9rique, o\u00f9 les passions br\u00fblent et les d\u00e9sirs mijotent, il existe un havre d&#039;histoires inexplor\u00e9es et de connexions provocatrices. Bienvenue dans notre sanctuaire, un royaume de discussions pour adultes, o\u00f9 les histoires s\u00e9duisantes se m\u00ealent \u00e0 la lueur vacillante des webcams.<\/p>\n<p>Dans ces rues virtuelles, nous sommes plus qu&#039;un simple site Web\u00a0; nous sommes la biblioth\u00e8que des temps modernes, le salon du discours adulte, o\u00f9 les conversations transcendent le banal. Ici, les \u00e9crivains de litt\u00e9rature lascive et les auteurs de r\u00e9cits aliment\u00e9s par le d\u00e9sir convergent, leurs plumes tremp\u00e9es dans l\u2019encre de l\u2019intimit\u00e9 en ligne.<\/p>\n<p>Nous sommes plus qu&#039;un catalogue\u00a0; nous sommes les chroniqueurs de la passion num\u00e9rique, les scribes de la connexion virtuelle, o\u00f9 articles et essais drapent les \u00e9tapes de la sensualit\u00e9. Nos encriers virtuels ne tarissent jamais, chaque goutte alimentant le r\u00e9servoir de votre curiosit\u00e9, alimentant les flammes du d\u00e9sir alors que nous plongeons dans le monde des webcams.<\/p>\n<p>&nbsp;<\/p>\n<h2 style=\"text-align: center;\">Whispers in the Digital Dark\u00a0: Explorer le royaume des discussions entre adultes<\/h2>\n<p>L&#039;actualit\u00e9 de l&#039;\u00e8re num\u00e9rique se d\u00e9voile sur nos pages, vous apportant les informations et mises \u00e0 jour les plus r\u00e9centes de l&#039;univers all\u00e9chant des connexions en ligne. L\u2019intrigue et les histoires sensuelles qui se d\u00e9roulent derri\u00e8re l\u2019objectif ont ici une sc\u00e8ne o\u00f9 l\u2019authenticit\u00e9 rencontre l\u2019anonymat et o\u00f9 la connexion trouve un foyer virtuel.<\/p>\n<p>&nbsp;<\/p>\n<p><strong>Les histoires derri\u00e8re le voile\u00a0: aper\u00e7us et illuminations<\/strong><\/p>\n<p>Nos couloirs virtuels chuchotent d\u2019histoires et de provocations. Ici, les mots prennent vie, un peu comme dans un roman am\u00e9ricain classique, tissant des r\u00e9cits qui plongent profond\u00e9ment dans les nuances des discussions entre adultes. Notre r\u00e9f\u00e9rentiel n&#039;est pas seulement un forum de d\u00e9sirs charnels ; c&#039;est un tr\u00e9sor d&#039;id\u00e9es, de discussions et d&#039;expos\u00e9s qui explorent le monde fascinant des interactions par webcam.<\/p>\n<p>Ici, dans les pages de nos archives num\u00e9riques, vous d\u00e9couvrirez les histoires qui n&#039;ont pas encore \u00e9t\u00e9 racont\u00e9es, les perspectives qui explorent les profondeurs du d\u00e9sir et les exp\u00e9riences qui remettent en question les limites de l&#039;intimit\u00e9 traditionnelle. Notre site est votre cl\u00e9 pour ouvrir un monde o\u00f9 la s\u00e9duction est un art et o\u00f9 la connexion est \u00e0 port\u00e9e de clic.<\/p>\n<p>Ainsi, alors que vous parcourez notre catalogue de chats pour adultes et que vous vous plongez dans la richesse de nos offres \u00e9crites, n&#039;oubliez pas que nous ne sommes pas qu&#039;un simple site Web. Nous sommes les chroniqueurs, les collectionneurs, les gardiens d&#039;une biblioth\u00e8que o\u00f9 des r\u00e9cits de passion et de connexion vous attendent, pr\u00eats \u00e0 \u00eatre \u00e9crits, partag\u00e9s et savour\u00e9s. Bienvenue dans notre monde; bienvenue dans le havre du discours et de l\u2019exploration des adultes.<\/p>","protected":false},"excerpt":{"rendered":"<p>Dans les recoins enfum\u00e9s et tamis\u00e9s du monde num\u00e9rique, o\u00f9 les passions s&#039;embrasent et les d\u00e9sirs couver, se cache un havre d&#039;histoires in\u00e9dites et de rencontres troublantes. Bienvenue dans notre sanctuaire, un univers de discussions pour adultes, o\u00f9 r\u00e9cits envo\u00fbtants se m\u00ealent \u00e0 la lueur vacillante des webcams. Sur ces rues virtuelles, nous sommes bien plus qu&#039;un simple site web\u00a0; nous sommes la biblioth\u00e8que des temps modernes, le bar des conversations pour adultes, o\u00f9 les \u00e9changes transcendent le quotidien. Ici, auteurs de litt\u00e9rature \u00e9rotique et de r\u00e9cits nourris par le d\u00e9sir se rencontrent, leurs plumes tremp\u00e9es dans l&#039;encre de l&#039;intimit\u00e9 en ligne. Nous sommes\u2026<\/p>","protected":false},"author":1,"featured_media":0,"parent":0,"menu_order":0,"comment_status":"closed","ping_status":"closed","template":"","meta":{"footnotes":""},"class_list":["post-44","page","type-page","status-publish","hentry"],"yoast_head":"<!-- This site is optimized with the Yoast SEO plugin v20.13 - https:\/\/yoast.com\/wordpress\/plugins\/seo\/ -->\n<title>Best catalog Sex Webcams - camchat<\/title>\n<meta name=\"robots\" content=\"index, follow, max-snippet:-1, max-image-preview:large, max-video-preview:-1\" \/>\n<link rel=\"canonical\" href=\"https:\/\/cam-chat.org\/fr\/o-nas\/\" \/>\n<meta property=\"og:locale\" content=\"fr_FR\" \/>\n<meta property=\"og:type\" content=\"article\" \/>\n<meta property=\"og:title\" content=\"Best catalog Sex Webcams - camchat\" \/>\n<meta property=\"og:description\" content=\"In the smoky, dimly lit corners of the digital world, where passions burn and desires simmer, there exists a haven of uncharted stories and provocative connections. Welcome to our sanctuary, a realm of adult chats, where seductive tales intermingle with the flickering glow of webcams. On these virtual streets, we&#8217;re more than a mere website; we&#8217;re the modern-day library, the saloon of adult discourse, where conversations transcend the mundane. Here, writers of lustful literature and authors of desire-fueled narratives converge, their quills dipped in the ink of online intimacy. We&#8217;re&hellip;\" \/>\n<meta property=\"og:url\" content=\"https:\/\/cam-chat.org\/fr\/o-nas\/\" \/>\n<meta property=\"og:site_name\" content=\"camchat\" \/>\n<meta property=\"article:modified_time\" content=\"2023-11-03T09:58:07+00:00\" \/>\n<meta name=\"twitter:card\" content=\"summary_large_image\" \/>\n<meta name=\"twitter:label1\" content=\"Dur\u00e9e de lecture estim\u00e9e\" \/>\n\t<meta name=\"twitter:data1\" content=\"2 minutes\" \/>\n<script type=\"application\/ld+json\" class=\"yoast-schema-graph\">{\"@context\":\"https:\/\/schema.org\",\"@graph\":[{\"@type\":\"WebPage\",\"@id\":\"https:\/\/cam-chat.org\/o-nas\/\",\"url\":\"https:\/\/cam-chat.org\/o-nas\/\",\"name\":\"Best catalog Sex Webcams - camchat\",\"isPartOf\":{\"@id\":\"https:\/\/cam-chat.org\/#website\"},\"datePublished\":\"2023-08-08T16:57:06+00:00\",\"dateModified\":\"2023-11-03T09:58:07+00:00\",\"breadcrumb\":{\"@id\":\"https:\/\/cam-chat.org\/o-nas\/#breadcrumb\"},\"inLanguage\":\"fr-FR\",\"potentialAction\":[{\"@type\":\"ReadAction\",\"target\":[\"https:\/\/cam-chat.org\/o-nas\/\"]}]},{\"@type\":\"BreadcrumbList\",\"@id\":\"https:\/\/cam-chat.org\/o-nas\/#breadcrumb\",\"itemListElement\":[{\"@type\":\"ListItem\",\"position\":1,\"name\":\"\u0413\u043b\u0430\u0432\u043d\u0430\u044f \u0441\u0442\u0440\u0430\u043d\u0438\u0446\u0430\",\"item\":\"https:\/\/cam-chat.org\/\"},{\"@type\":\"ListItem\",\"position\":2,\"name\":\"Best catalog Sex Webcams\"}]},{\"@type\":\"WebSite\",\"@id\":\"https:\/\/cam-chat.org\/#website\",\"url\":\"https:\/\/cam-chat.org\/\",\"name\":\"camchat\",\"description\":\"Blog catalog about vulgar video chats for an adult audience\",\"publisher\":{\"@id\":\"https:\/\/cam-chat.org\/#organization\"},\"potentialAction\":[{\"@type\":\"SearchAction\",\"target\":{\"@type\":\"EntryPoint\",\"urlTemplate\":\"https:\/\/cam-chat.org\/?s={search_term_string}\"},\"query-input\":\"required name=search_term_string\"}],\"inLanguage\":\"fr-FR\"},{\"@type\":\"Organization\",\"@id\":\"https:\/\/cam-chat.org\/#organization\",\"name\":\"camchat\",\"url\":\"https:\/\/cam-chat.org\/\",\"logo\":{\"@type\":\"ImageObject\",\"inLanguage\":\"fr-FR\",\"@id\":\"https:\/\/cam-chat.org\/#\/schema\/logo\/image\/\",\"url\":\"https:\/\/cam-chat.org\/wp-content\/uploads\/2023\/08\/logo-1.png\",\"contentUrl\":\"https:\/\/cam-chat.org\/wp-content\/uploads\/2023\/08\/logo-1.png\",\"width\":220,\"height\":39,\"caption\":\"camchat\"},\"image\":{\"@id\":\"https:\/\/cam-chat.org\/#\/schema\/logo\/image\/\"}}]}<\/script>\n<!-- \/ Yoast SEO plugin. -->","yoast_head_json":{"title":"Meilleur catalogue Webcams de sexe - camchat","robots":{"index":"index","follow":"follow","max-snippet":"max-snippet:-1","max-image-preview":"max-image-preview:large","max-video-preview":"max-video-preview:-1"},"canonical":"https:\/\/cam-chat.org\/fr\/o-nas\/","og_locale":"fr_FR","og_type":"article","og_title":"Best catalog Sex Webcams - camchat","og_description":"In the smoky, dimly lit corners of the digital world, where passions burn and desires simmer, there exists a haven of uncharted stories and provocative connections. Welcome to our sanctuary, a realm of adult chats, where seductive tales intermingle with the flickering glow of webcams. On these virtual streets, we&#8217;re more than a mere website; we&#8217;re the modern-day library, the saloon of adult discourse, where conversations transcend the mundane. Here, writers of lustful literature and authors of desire-fueled narratives converge, their quills dipped in the ink of online intimacy. We&#8217;re&hellip;","og_url":"https:\/\/cam-chat.org\/fr\/o-nas\/","og_site_name":"camchat","article_modified_time":"2023-11-03T09:58:07+00:00","twitter_card":"summary_large_image","twitter_misc":{"Dur\u00e9e de lecture estim\u00e9e":"2 minutes"},"schema":{"@context":"https:\/\/schema.org","@graph":[{"@type":"WebPage","@id":"https:\/\/cam-chat.org\/o-nas\/","url":"https:\/\/cam-chat.org\/o-nas\/","name":"Meilleur catalogue Webcams de sexe - camchat","isPartOf":{"@id":"https:\/\/cam-chat.org\/#website"},"datePublished":"2023-08-08T16:57:06+00:00","dateModified":"2023-11-03T09:58:07+00:00","breadcrumb":{"@id":"https:\/\/cam-chat.org\/o-nas\/#breadcrumb"},"inLanguage":"fr-FR","potentialAction":[{"@type":"ReadAction","target":["https:\/\/cam-chat.org\/o-nas\/"]}]},{"@type":"BreadcrumbList","@id":"https:\/\/cam-chat.org\/o-nas\/#breadcrumb","itemListElement":[{"@type":"ListItem","position":1,"name":"\u0413\u043b\u0430\u0432\u043d\u0430\u044f \u0441\u0442\u0440\u0430\u043d\u0438\u0446\u0430","item":"https:\/\/cam-chat.org\/"},{"@type":"ListItem","position":2,"name":"Best catalog Sex Webcams"}]},{"@type":"WebSite","@id":"https:\/\/cam-chat.org\/#website","url":"https:\/\/cam-chat.org\/","name":"chat par webcam","description":"Catalogue de blogs sur les chats vid\u00e9o vulgaires destin\u00e9s \u00e0 un public adulte","publisher":{"@id":"https:\/\/cam-chat.org\/#organization"},"potentialAction":[{"@type":"SearchAction","target":{"@type":"EntryPoint","urlTemplate":"https:\/\/cam-chat.org\/?s={search_term_string}"},"query-input":"required name=search_term_string"}],"inLanguage":"fr-FR"},{"@type":"Organization","@id":"https:\/\/cam-chat.org\/#organization","name":"chat par webcam","url":"https:\/\/cam-chat.org\/","logo":{"@type":"ImageObject","inLanguage":"fr-FR","@id":"https:\/\/cam-chat.org\/#\/schema\/logo\/image\/","url":"https:\/\/cam-chat.org\/wp-content\/uploads\/2023\/08\/logo-1.png","contentUrl":"https:\/\/cam-chat.org\/wp-content\/uploads\/2023\/08\/logo-1.png","width":220,"height":39,"caption":"camchat"},"image":{"@id":"https:\/\/cam-chat.org\/#\/schema\/logo\/image\/"}}]}},"_links":{"self":[{"href":"https:\/\/cam-chat.org\/fr\/wp-json\/wp\/v2\/pages\/44","targetHints":{"allow":["GET"]}}],"collection":[{"href":"https:\/\/cam-chat.org\/fr\/wp-json\/wp\/v2\/pages"}],"about":[{"href":"https:\/\/cam-chat.org\/fr\/wp-json\/wp\/v2\/types\/page"}],"author":[{"embeddable":true,"href":"https:\/\/cam-chat.org\/fr\/wp-json\/wp\/v2\/users\/1"}],"replies":[{"embeddable":true,"href":"https:\/\/cam-chat.org\/fr\/wp-json\/wp\/v2\/comments?post=44"}],"version-history":[{"count":2,"href":"https:\/\/cam-chat.org\/fr\/wp-json\/wp\/v2\/pages\/44\/revisions"}],"predecessor-version":[{"id":184,"href":"https:\/\/cam-chat.org\/fr\/wp-json\/wp\/v2\/pages\/44\/revisions\/184"}],"wp:attachment":[{"href":"https:\/\/cam-chat.org\/fr\/wp-json\/wp\/v2\/media?parent=44"}],"curies":[{"name":"wp","href":"https:\/\/api.w.org\/{rel}","templated":true}]}}