{"id":44,"date":"2023-08-08T16:57:06","date_gmt":"2023-08-08T16:57:06","guid":{"rendered":"https:\/\/defiscalisant.com\/?page_id=44"},"modified":"2023-11-03T09:58:07","modified_gmt":"2023-11-03T09:58:07","slug":"o-nas","status":"publish","type":"page","link":"https:\/\/cam-chat.org\/et\/o-nas\/","title":{"rendered":"Parim kataloog Sex Webcams"},"content":{"rendered":"<p>Digimaailma suitsuses, h\u00e4maras nurkades, kus kired l\u00f5\u00f5mavad ja soovid m\u00f6llavad, on kaardistamata lugude ja provokatiivsete seoste varjupaik. Tere tulemast meie p\u00fchamusse, t\u00e4iskasvanute vestluste valdkonda, kus v\u00f5rgutavad jutud segunevad veebikaamerate v\u00e4releva s\u00e4raga.<\/p>\n<p>Nendel virtuaalsetel t\u00e4navatel oleme enamat kui lihtsalt veebisait; me oleme t\u00e4nap\u00e4eva raamatukogu, t\u00e4iskasvanute diskursuse salong, kus vestlused \u00fcletavad igap\u00e4evaseid asju. Siin koonduvad ihara kirjanduse kirjutajad ja ihadest kantud narratiivide autorid, nende sulepead on kastetud v\u00f5rguintiimsuse tinti.<\/p>\n<p>Oleme enamat kui kataloog; oleme digitaalse kire kroonikud, virtuaalse \u00fchenduse kirjutajad, kus artiklid ja esseed kirjeldavad sensuaalsuse etappe. Meie virtuaalsed tindipotid ei saa kunagi t\u00fchjaks, iga piisk voolab teie uudishimu reservuaari, \u00f5hutades veebikaamerate maailma s\u00fcvenedes ihaleeki.<\/p>\n<p>&nbsp;<\/p>\n<h2 style=\"text-align: center;\">Sosinad digitaalses pimeduses: t\u00e4iskasvanute vestluste valdkonna uurimine<\/h2>\n<p>Digiajastu uudised levivad meie lehtedel, tuues teieni v\u00e4rskeimad \u00fclevaated ja v\u00e4rskendused v\u00f5rgu\u00fchenduste ahvatlevast universumist. Objektiivi taga k\u00f5lavatel intriigidel ja sensuaalsetel lugudel on siin lava, kus autentsus kohtub anon\u00fc\u00fcmsusega ja side leiab virtuaalse kodu.<\/p>\n<p>&nbsp;<\/p>\n<p><strong>Loori taga olevad lood: arusaamad ja valgustused<\/strong><\/p>\n<p>Meie virtuaalsed koridorid sosistavad lugudest ja provokatsioonidest. Siin \u00e4rkavad s\u00f5nad ellu, sarnaselt klassikalise Ameerika romaaniga, p\u00f5imides narratiive, mis s\u00fcvenevad t\u00e4iskasvanute vestluste n\u00fcanssidesse. Meie hoidla ei ole ainult lihalike soovide foorum; see on teadmiste, arutelude ja paljastamiste aardel, mis uurib veebikaamera interaktsioonide intrigeerivat maailma.<\/p>\n<p>Siin, meie digitaalarhiivi lehtedel, avastate lugusid, mis on veel r\u00e4\u00e4kimata, vaatenurki, mis uurivad iha s\u00fcgavusi, ja kogemusi, mis seavad proovile traditsioonilise intiimsuse piirid. Meie sait on teie v\u00f5ti maailma avamiseks, kus v\u00f5rgutamine on kunst ja \u00fchendus \u00fche hiirekl\u00f5psu kaugusel.<\/p>\n<p>Seega, kui sirvides meie t\u00e4iskasvanutele m\u00f5eldud vestluste kataloogi ja sukeldute meie kirjalike pakkumiste rikkalikkusse, pidage meeles, et me pole lihtsalt veebisait. Oleme kroonikud, kogujad, raamatukogu hoidjad, kus ootavad lood kirest ja sidemetest, mis on valmis kirjutamiseks, jagamiseks ja nautimiseks. Tere tulemast meie maailma; tere tulemast t\u00e4iskasvanute diskursuse ja uurimise sadamasse.<\/p>","protected":false},"excerpt":{"rendered":"<p>Digimaailma suitsustes ja h\u00e4maralt valgustatud nurkades, kus kired h\u00f5\u00f5guvad ja ihad keevad, leidub tundmatute lugude ja provotseerivate seoste oaas. Tere tulemast meie p\u00fchamusse, t\u00e4iskasvanute vestluste maailma, kus v\u00f5rgutavad lood segunevad veebikaamerate virvendava valgusega. Nendel virtuaalsetel t\u00e4navatel oleme me enamat kui lihtsalt veebisait; me oleme t\u00e4nap\u00e4eva raamatukogu, t\u00e4iskasvanute diskursuse salong, kus vestlused \u00fcletavad argip\u00e4eva. Siin kohtuvad ihara kirjanduse kirjanikud ja ihadest inspireeritud narratiivide autorid, nende suled on kastetud veebiintiimsuse tindi sisse. Me oleme...<\/p>","protected":false},"author":1,"featured_media":0,"parent":0,"menu_order":0,"comment_status":"closed","ping_status":"closed","template":"","meta":{"footnotes":""},"class_list":["post-44","page","type-page","status-publish","hentry"],"yoast_head":"<!-- This site is optimized with the Yoast SEO plugin v20.13 - https:\/\/yoast.com\/wordpress\/plugins\/seo\/ -->\n<title>Best catalog Sex Webcams - camchat<\/title>\n<meta name=\"robots\" content=\"index, follow, max-snippet:-1, max-image-preview:large, max-video-preview:-1\" \/>\n<link rel=\"canonical\" href=\"https:\/\/cam-chat.org\/et\/o-nas\/\" \/>\n<meta property=\"og:locale\" content=\"et_EE\" \/>\n<meta property=\"og:type\" content=\"article\" \/>\n<meta property=\"og:title\" content=\"Best catalog Sex Webcams - camchat\" \/>\n<meta property=\"og:description\" content=\"In the smoky, dimly lit corners of the digital world, where passions burn and desires simmer, there exists a haven of uncharted stories and provocative connections. Welcome to our sanctuary, a realm of adult chats, where seductive tales intermingle with the flickering glow of webcams. On these virtual streets, we&#8217;re more than a mere website; we&#8217;re the modern-day library, the saloon of adult discourse, where conversations transcend the mundane. Here, writers of lustful literature and authors of desire-fueled narratives converge, their quills dipped in the ink of online intimacy. We&#8217;re&hellip;\" \/>\n<meta property=\"og:url\" content=\"https:\/\/cam-chat.org\/et\/o-nas\/\" \/>\n<meta property=\"og:site_name\" content=\"camchat\" \/>\n<meta property=\"article:modified_time\" content=\"2023-11-03T09:58:07+00:00\" \/>\n<meta name=\"twitter:card\" content=\"summary_large_image\" \/>\n<meta name=\"twitter:label1\" content=\"Est. reading time\" \/>\n\t<meta name=\"twitter:data1\" content=\"2 minutit\" \/>\n<script type=\"application\/ld+json\" class=\"yoast-schema-graph\">{\"@context\":\"https:\/\/schema.org\",\"@graph\":[{\"@type\":\"WebPage\",\"@id\":\"https:\/\/cam-chat.org\/o-nas\/\",\"url\":\"https:\/\/cam-chat.org\/o-nas\/\",\"name\":\"Best catalog Sex Webcams - camchat\",\"isPartOf\":{\"@id\":\"https:\/\/cam-chat.org\/#website\"},\"datePublished\":\"2023-08-08T16:57:06+00:00\",\"dateModified\":\"2023-11-03T09:58:07+00:00\",\"breadcrumb\":{\"@id\":\"https:\/\/cam-chat.org\/o-nas\/#breadcrumb\"},\"inLanguage\":\"et\",\"potentialAction\":[{\"@type\":\"ReadAction\",\"target\":[\"https:\/\/cam-chat.org\/o-nas\/\"]}]},{\"@type\":\"BreadcrumbList\",\"@id\":\"https:\/\/cam-chat.org\/o-nas\/#breadcrumb\",\"itemListElement\":[{\"@type\":\"ListItem\",\"position\":1,\"name\":\"\u0413\u043b\u0430\u0432\u043d\u0430\u044f \u0441\u0442\u0440\u0430\u043d\u0438\u0446\u0430\",\"item\":\"https:\/\/cam-chat.org\/\"},{\"@type\":\"ListItem\",\"position\":2,\"name\":\"Best catalog Sex Webcams\"}]},{\"@type\":\"WebSite\",\"@id\":\"https:\/\/cam-chat.org\/#website\",\"url\":\"https:\/\/cam-chat.org\/\",\"name\":\"camchat\",\"description\":\"Blog catalog about vulgar video chats for an adult audience\",\"publisher\":{\"@id\":\"https:\/\/cam-chat.org\/#organization\"},\"potentialAction\":[{\"@type\":\"SearchAction\",\"target\":{\"@type\":\"EntryPoint\",\"urlTemplate\":\"https:\/\/cam-chat.org\/?s={search_term_string}\"},\"query-input\":\"required name=search_term_string\"}],\"inLanguage\":\"et\"},{\"@type\":\"Organization\",\"@id\":\"https:\/\/cam-chat.org\/#organization\",\"name\":\"camchat\",\"url\":\"https:\/\/cam-chat.org\/\",\"logo\":{\"@type\":\"ImageObject\",\"inLanguage\":\"et\",\"@id\":\"https:\/\/cam-chat.org\/#\/schema\/logo\/image\/\",\"url\":\"https:\/\/cam-chat.org\/wp-content\/uploads\/2023\/08\/logo-1.png\",\"contentUrl\":\"https:\/\/cam-chat.org\/wp-content\/uploads\/2023\/08\/logo-1.png\",\"width\":220,\"height\":39,\"caption\":\"camchat\"},\"image\":{\"@id\":\"https:\/\/cam-chat.org\/#\/schema\/logo\/image\/\"}}]}<\/script>\n<!-- \/ Yoast SEO plugin. -->","yoast_head_json":{"title":"Parim kataloog Seksi veebikaamerad - camchat","robots":{"index":"index","follow":"follow","max-snippet":"max-snippet:-1","max-image-preview":"max-image-preview:large","max-video-preview":"max-video-preview:-1"},"canonical":"https:\/\/cam-chat.org\/et\/o-nas\/","og_locale":"et_EE","og_type":"article","og_title":"Best catalog Sex Webcams - camchat","og_description":"In the smoky, dimly lit corners of the digital world, where passions burn and desires simmer, there exists a haven of uncharted stories and provocative connections. Welcome to our sanctuary, a realm of adult chats, where seductive tales intermingle with the flickering glow of webcams. On these virtual streets, we&#8217;re more than a mere website; we&#8217;re the modern-day library, the saloon of adult discourse, where conversations transcend the mundane. Here, writers of lustful literature and authors of desire-fueled narratives converge, their quills dipped in the ink of online intimacy. We&#8217;re&hellip;","og_url":"https:\/\/cam-chat.org\/et\/o-nas\/","og_site_name":"camchat","article_modified_time":"2023-11-03T09:58:07+00:00","twitter_card":"summary_large_image","twitter_misc":{"Est. reading time":"2 minutit"},"schema":{"@context":"https:\/\/schema.org","@graph":[{"@type":"WebPage","@id":"https:\/\/cam-chat.org\/o-nas\/","url":"https:\/\/cam-chat.org\/o-nas\/","name":"Parim kataloog Seksi veebikaamerad - camchat","isPartOf":{"@id":"https:\/\/cam-chat.org\/#website"},"datePublished":"2023-08-08T16:57:06+00:00","dateModified":"2023-11-03T09:58:07+00:00","breadcrumb":{"@id":"https:\/\/cam-chat.org\/o-nas\/#breadcrumb"},"inLanguage":"et","potentialAction":[{"@type":"ReadAction","target":["https:\/\/cam-chat.org\/o-nas\/"]}]},{"@type":"BreadcrumbList","@id":"https:\/\/cam-chat.org\/o-nas\/#breadcrumb","itemListElement":[{"@type":"ListItem","position":1,"name":"\u0413\u043b\u0430\u0432\u043d\u0430\u044f \u0441\u0442\u0440\u0430\u043d\u0438\u0446\u0430","item":"https:\/\/cam-chat.org\/"},{"@type":"ListItem","position":2,"name":"Best catalog Sex Webcams"}]},{"@type":"WebSite","@id":"https:\/\/cam-chat.org\/#website","url":"https:\/\/cam-chat.org\/","name":"camchat","description":"T\u00e4iskasvanutele m\u00f5eldud vulgaarsete videovestluste ajaveebikataloog","publisher":{"@id":"https:\/\/cam-chat.org\/#organization"},"potentialAction":[{"@type":"SearchAction","target":{"@type":"EntryPoint","urlTemplate":"https:\/\/cam-chat.org\/?s={search_term_string}"},"query-input":"required name=search_term_string"}],"inLanguage":"et"},{"@type":"Organization","@id":"https:\/\/cam-chat.org\/#organization","name":"camchat","url":"https:\/\/cam-chat.org\/","logo":{"@type":"ImageObject","inLanguage":"et","@id":"https:\/\/cam-chat.org\/#\/schema\/logo\/image\/","url":"https:\/\/cam-chat.org\/wp-content\/uploads\/2023\/08\/logo-1.png","contentUrl":"https:\/\/cam-chat.org\/wp-content\/uploads\/2023\/08\/logo-1.png","width":220,"height":39,"caption":"camchat"},"image":{"@id":"https:\/\/cam-chat.org\/#\/schema\/logo\/image\/"}}]}},"_links":{"self":[{"href":"https:\/\/cam-chat.org\/et\/wp-json\/wp\/v2\/pages\/44","targetHints":{"allow":["GET"]}}],"collection":[{"href":"https:\/\/cam-chat.org\/et\/wp-json\/wp\/v2\/pages"}],"about":[{"href":"https:\/\/cam-chat.org\/et\/wp-json\/wp\/v2\/types\/page"}],"author":[{"embeddable":true,"href":"https:\/\/cam-chat.org\/et\/wp-json\/wp\/v2\/users\/1"}],"replies":[{"embeddable":true,"href":"https:\/\/cam-chat.org\/et\/wp-json\/wp\/v2\/comments?post=44"}],"version-history":[{"count":2,"href":"https:\/\/cam-chat.org\/et\/wp-json\/wp\/v2\/pages\/44\/revisions"}],"predecessor-version":[{"id":184,"href":"https:\/\/cam-chat.org\/et\/wp-json\/wp\/v2\/pages\/44\/revisions\/184"}],"wp:attachment":[{"href":"https:\/\/cam-chat.org\/et\/wp-json\/wp\/v2\/media?parent=44"}],"curies":[{"name":"t\u00f6\u00f6leht","href":"https:\/\/api.w.org\/{rel}","templated":true}]}}