{"id":44,"date":"2023-08-08T16:57:06","date_gmt":"2023-08-08T16:57:06","guid":{"rendered":"https:\/\/defiscalisant.com\/?page_id=44"},"modified":"2023-11-03T09:58:07","modified_gmt":"2023-11-03T09:58:07","slug":"o-nas","status":"publish","type":"page","link":"https:\/\/cam-chat.org\/es\/o-nas\/","title":{"rendered":"El mejor cat\u00e1logo de c\u00e1maras web de sexo"},"content":{"rendered":"<p>En los rincones oscuros y tenuemente iluminados del mundo digital, donde arden las pasiones y hierven los deseos, existe un remanso de historias inexploradas y conexiones provocativas. Bienvenidos a nuestro santuario, un reino de chats para adultos, donde historias seductoras se entremezclan con el brillo parpadeante de las c\u00e1maras web.<\/p>\n<p>En estas calles virtuales, somos m\u00e1s que un simple sitio web; somos la biblioteca moderna, el sal\u00f3n del discurso adulto, donde las conversaciones trascienden lo mundano. Aqu\u00ed convergen escritores de literatura lujuriosa y autores de narrativas impulsadas por el deseo, con sus plumas impregnadas de la tinta de la intimidad en l\u00ednea.<\/p>\n<p>Somos m\u00e1s que un cat\u00e1logo; somos los cronistas de la pasi\u00f3n digital, los escritores de la conexi\u00f3n virtual, donde art\u00edculos y ensayos cubren los escenarios de la sensualidad. Nuestros tinteros virtuales nunca se agotan, cada gota alimenta la reserva de tu curiosidad, avivando la llama del deseo mientras nos adentramos en el mundo de las webcams.<\/p>\n<p>&nbsp;<\/p>\n<h2 style=\"text-align: center;\">Susurros en la oscuridad digital: Explorando el mundo de los chats para adultos<\/h2>\n<p>Las noticias de la era digital se despliegan en nuestras p\u00e1ginas, brind\u00e1ndole las \u00faltimas novedades y actualizaciones del fascinante universo de las conexiones en l\u00ednea. La intriga y las historias sensuales que se desarrollan tras el lente tienen su escenario aqu\u00ed, donde la autenticidad se encuentra con el anonimato, y la conexi\u00f3n encuentra un hogar virtual.<\/p>\n<p>&nbsp;<\/p>\n<p><strong>Las historias detr\u00e1s del velo: Perspectivas e iluminaciones<\/strong><\/p>\n<p>Nuestros pasillos virtuales susurran con historias y provocaciones. Aqu\u00ed, las palabras cobran vida, como en una novela cl\u00e1sica estadounidense, tejiendo narrativas que profundizan en los matices de las charlas para adultos. Nuestro repositorio no es solo un foro para deseos carnales; es un tesoro de ideas, debates y revelaciones que exploran el fascinante mundo de las interacciones por webcam.<\/p>\n<p>Aqu\u00ed, en las p\u00e1ginas de nuestro archivo digital, descubrir\u00e1s historias a\u00fan por contar, perspectivas que exploran las profundidades del deseo y experiencias que desaf\u00edan los l\u00edmites de la intimidad tradicional. Nuestro sitio es la clave para descubrir un mundo donde la seducci\u00f3n es un arte y la conexi\u00f3n est\u00e1 a un clic de distancia.<\/p>\n<p>As\u00ed que, mientras exploras nuestro cat\u00e1logo de chats para adultos y te sumerges en la riqueza de nuestra oferta escrita, recuerda que no somos solo un sitio web. Somos los cronistas, los coleccionistas, los guardianes de una biblioteca donde te esperan historias de pasi\u00f3n y conexi\u00f3n, listas para ser escritas, compartidas y disfrutadas. Bienvenido a nuestro mundo; bienvenido al para\u00edso del di\u00e1logo y la exploraci\u00f3n para adultos.<\/p>","protected":false},"excerpt":{"rendered":"<p>En los rincones oscuros y humeantes del mundo digital, donde arden las pasiones y hierven los deseos, existe un refugio de historias inexploradas y conexiones provocativas. Bienvenidos a nuestro santuario, un reino de chats para adultos, donde relatos seductores se entremezclan con el brillo parpadeante de las webcams. En estas calles virtuales, somos m\u00e1s que un simple sitio web; somos la biblioteca moderna, el sal\u00f3n del di\u00e1logo adulto, donde las conversaciones trascienden lo mundano. Aqu\u00ed convergen escritores de literatura sensual y autores de narrativas cargadas de deseo, con sus plumas te\u00f1idas con la tinta de la intimidad en l\u00ednea. Somos\u2026<\/p>","protected":false},"author":1,"featured_media":0,"parent":0,"menu_order":0,"comment_status":"closed","ping_status":"closed","template":"","meta":{"footnotes":""},"class_list":["post-44","page","type-page","status-publish","hentry"],"yoast_head":"<!-- This site is optimized with the Yoast SEO plugin v20.13 - https:\/\/yoast.com\/wordpress\/plugins\/seo\/ -->\n<title>Best catalog Sex Webcams - camchat<\/title>\n<meta name=\"robots\" content=\"index, follow, max-snippet:-1, max-image-preview:large, max-video-preview:-1\" \/>\n<link rel=\"canonical\" href=\"https:\/\/cam-chat.org\/es\/o-nas\/\" \/>\n<meta property=\"og:locale\" content=\"es_ES\" \/>\n<meta property=\"og:type\" content=\"article\" \/>\n<meta property=\"og:title\" content=\"Best catalog Sex Webcams - camchat\" \/>\n<meta property=\"og:description\" content=\"In the smoky, dimly lit corners of the digital world, where passions burn and desires simmer, there exists a haven of uncharted stories and provocative connections. Welcome to our sanctuary, a realm of adult chats, where seductive tales intermingle with the flickering glow of webcams. On these virtual streets, we&#8217;re more than a mere website; we&#8217;re the modern-day library, the saloon of adult discourse, where conversations transcend the mundane. Here, writers of lustful literature and authors of desire-fueled narratives converge, their quills dipped in the ink of online intimacy. We&#8217;re&hellip;\" \/>\n<meta property=\"og:url\" content=\"https:\/\/cam-chat.org\/es\/o-nas\/\" \/>\n<meta property=\"og:site_name\" content=\"camchat\" \/>\n<meta property=\"article:modified_time\" content=\"2023-11-03T09:58:07+00:00\" \/>\n<meta name=\"twitter:card\" content=\"summary_large_image\" \/>\n<meta name=\"twitter:label1\" content=\"Tiempo de lectura\" \/>\n\t<meta name=\"twitter:data1\" content=\"2 minutos\" \/>\n<script type=\"application\/ld+json\" class=\"yoast-schema-graph\">{\"@context\":\"https:\/\/schema.org\",\"@graph\":[{\"@type\":\"WebPage\",\"@id\":\"https:\/\/cam-chat.org\/o-nas\/\",\"url\":\"https:\/\/cam-chat.org\/o-nas\/\",\"name\":\"Best catalog Sex Webcams - camchat\",\"isPartOf\":{\"@id\":\"https:\/\/cam-chat.org\/#website\"},\"datePublished\":\"2023-08-08T16:57:06+00:00\",\"dateModified\":\"2023-11-03T09:58:07+00:00\",\"breadcrumb\":{\"@id\":\"https:\/\/cam-chat.org\/o-nas\/#breadcrumb\"},\"inLanguage\":\"es\",\"potentialAction\":[{\"@type\":\"ReadAction\",\"target\":[\"https:\/\/cam-chat.org\/o-nas\/\"]}]},{\"@type\":\"BreadcrumbList\",\"@id\":\"https:\/\/cam-chat.org\/o-nas\/#breadcrumb\",\"itemListElement\":[{\"@type\":\"ListItem\",\"position\":1,\"name\":\"\u0413\u043b\u0430\u0432\u043d\u0430\u044f \u0441\u0442\u0440\u0430\u043d\u0438\u0446\u0430\",\"item\":\"https:\/\/cam-chat.org\/\"},{\"@type\":\"ListItem\",\"position\":2,\"name\":\"Best catalog Sex Webcams\"}]},{\"@type\":\"WebSite\",\"@id\":\"https:\/\/cam-chat.org\/#website\",\"url\":\"https:\/\/cam-chat.org\/\",\"name\":\"camchat\",\"description\":\"Blog catalog about vulgar video chats for an adult audience\",\"publisher\":{\"@id\":\"https:\/\/cam-chat.org\/#organization\"},\"potentialAction\":[{\"@type\":\"SearchAction\",\"target\":{\"@type\":\"EntryPoint\",\"urlTemplate\":\"https:\/\/cam-chat.org\/?s={search_term_string}\"},\"query-input\":\"required name=search_term_string\"}],\"inLanguage\":\"es\"},{\"@type\":\"Organization\",\"@id\":\"https:\/\/cam-chat.org\/#organization\",\"name\":\"camchat\",\"url\":\"https:\/\/cam-chat.org\/\",\"logo\":{\"@type\":\"ImageObject\",\"inLanguage\":\"es\",\"@id\":\"https:\/\/cam-chat.org\/#\/schema\/logo\/image\/\",\"url\":\"https:\/\/cam-chat.org\/wp-content\/uploads\/2023\/08\/logo-1.png\",\"contentUrl\":\"https:\/\/cam-chat.org\/wp-content\/uploads\/2023\/08\/logo-1.png\",\"width\":220,\"height\":39,\"caption\":\"camchat\"},\"image\":{\"@id\":\"https:\/\/cam-chat.org\/#\/schema\/logo\/image\/\"}}]}<\/script>\n<!-- \/ Yoast SEO plugin. -->","yoast_head_json":{"title":"El mejor cat\u00e1logo de c\u00e1maras web de sexo - camchat","robots":{"index":"index","follow":"follow","max-snippet":"max-snippet:-1","max-image-preview":"max-image-preview:large","max-video-preview":"max-video-preview:-1"},"canonical":"https:\/\/cam-chat.org\/es\/o-nas\/","og_locale":"es_ES","og_type":"article","og_title":"Best catalog Sex Webcams - camchat","og_description":"In the smoky, dimly lit corners of the digital world, where passions burn and desires simmer, there exists a haven of uncharted stories and provocative connections. Welcome to our sanctuary, a realm of adult chats, where seductive tales intermingle with the flickering glow of webcams. On these virtual streets, we&#8217;re more than a mere website; we&#8217;re the modern-day library, the saloon of adult discourse, where conversations transcend the mundane. Here, writers of lustful literature and authors of desire-fueled narratives converge, their quills dipped in the ink of online intimacy. We&#8217;re&hellip;","og_url":"https:\/\/cam-chat.org\/es\/o-nas\/","og_site_name":"camchat","article_modified_time":"2023-11-03T09:58:07+00:00","twitter_card":"summary_large_image","twitter_misc":{"Tiempo de lectura":"2 minutos"},"schema":{"@context":"https:\/\/schema.org","@graph":[{"@type":"WebPage","@id":"https:\/\/cam-chat.org\/o-nas\/","url":"https:\/\/cam-chat.org\/o-nas\/","name":"El mejor cat\u00e1logo de c\u00e1maras web de sexo - camchat","isPartOf":{"@id":"https:\/\/cam-chat.org\/#website"},"datePublished":"2023-08-08T16:57:06+00:00","dateModified":"2023-11-03T09:58:07+00:00","breadcrumb":{"@id":"https:\/\/cam-chat.org\/o-nas\/#breadcrumb"},"inLanguage":"es","potentialAction":[{"@type":"ReadAction","target":["https:\/\/cam-chat.org\/o-nas\/"]}]},{"@type":"BreadcrumbList","@id":"https:\/\/cam-chat.org\/o-nas\/#breadcrumb","itemListElement":[{"@type":"ListItem","position":1,"name":"\u0413\u043b\u0430\u0432\u043d\u0430\u044f \u0441\u0442\u0440\u0430\u043d\u0438\u0446\u0430","item":"https:\/\/cam-chat.org\/"},{"@type":"ListItem","position":2,"name":"Best catalog Sex Webcams"}]},{"@type":"WebSite","@id":"https:\/\/cam-chat.org\/#website","url":"https:\/\/cam-chat.org\/","name":"chat de c\u00e1mara","description":"Cat\u00e1logo de blogs sobre videochats vulgares para un p\u00fablico adulto.","publisher":{"@id":"https:\/\/cam-chat.org\/#organization"},"potentialAction":[{"@type":"SearchAction","target":{"@type":"EntryPoint","urlTemplate":"https:\/\/cam-chat.org\/?s={search_term_string}"},"query-input":"required name=search_term_string"}],"inLanguage":"es"},{"@type":"Organization","@id":"https:\/\/cam-chat.org\/#organization","name":"chat de c\u00e1mara","url":"https:\/\/cam-chat.org\/","logo":{"@type":"ImageObject","inLanguage":"es","@id":"https:\/\/cam-chat.org\/#\/schema\/logo\/image\/","url":"https:\/\/cam-chat.org\/wp-content\/uploads\/2023\/08\/logo-1.png","contentUrl":"https:\/\/cam-chat.org\/wp-content\/uploads\/2023\/08\/logo-1.png","width":220,"height":39,"caption":"camchat"},"image":{"@id":"https:\/\/cam-chat.org\/#\/schema\/logo\/image\/"}}]}},"_links":{"self":[{"href":"https:\/\/cam-chat.org\/es\/wp-json\/wp\/v2\/pages\/44","targetHints":{"allow":["GET"]}}],"collection":[{"href":"https:\/\/cam-chat.org\/es\/wp-json\/wp\/v2\/pages"}],"about":[{"href":"https:\/\/cam-chat.org\/es\/wp-json\/wp\/v2\/types\/page"}],"author":[{"embeddable":true,"href":"https:\/\/cam-chat.org\/es\/wp-json\/wp\/v2\/users\/1"}],"replies":[{"embeddable":true,"href":"https:\/\/cam-chat.org\/es\/wp-json\/wp\/v2\/comments?post=44"}],"version-history":[{"count":2,"href":"https:\/\/cam-chat.org\/es\/wp-json\/wp\/v2\/pages\/44\/revisions"}],"predecessor-version":[{"id":184,"href":"https:\/\/cam-chat.org\/es\/wp-json\/wp\/v2\/pages\/44\/revisions\/184"}],"wp:attachment":[{"href":"https:\/\/cam-chat.org\/es\/wp-json\/wp\/v2\/media?parent=44"}],"curies":[{"name":"wp","href":"https:\/\/api.w.org\/{rel}","templated":true}]}}