{"id":44,"date":"2023-08-08T16:57:06","date_gmt":"2023-08-08T16:57:06","guid":{"rendered":"https:\/\/defiscalisant.com\/?page_id=44"},"modified":"2023-11-03T09:58:07","modified_gmt":"2023-11-03T09:58:07","slug":"o-nas","status":"publish","type":"page","link":"https:\/\/cam-chat.org\/de\/o-nas\/","title":{"rendered":"Bester Katalog Sex-Webcams"},"content":{"rendered":"<p>In den verrauchten, d\u00fcsteren Ecken der digitalen Welt, wo Leidenschaften lodern und Begierden brodeln, existiert ein Zufluchtsort voller unerforschter Geschichten und provokanter Begegnungen. Willkommen in unserem Refugium, einer Welt der Erwachsenen-Chats, wo verf\u00fchrerische Erz\u00e4hlungen sich mit dem flackernden Schein von Webcams vermischen.<\/p>\n<p>Auf diesen virtuellen Stra\u00dfen sind wir mehr als nur eine Website; wir sind die moderne Bibliothek, der Salon des erwachsenen Diskurses, wo Gespr\u00e4che \u00fcber das Allt\u00e4gliche hinausgehen. Hier treffen sich Autoren sinnlicher Literatur und Verfasser begehrenswerter Erz\u00e4hlungen, ihre Federn getaucht in die Tinte der Online-Intimit\u00e4t.<\/p>\n<p>Wir sind mehr als ein Katalog; wir sind Chronisten digitaler Leidenschaft, Schreiber virtueller Begegnungen, wo Artikel und Essays die Facetten der Sinnlichkeit beleuchten. Unsere virtuellen Tintenf\u00e4sser versiegen nie, jeder Tropfen speist Ihre Neugier und entfacht die Flammen der Begierde, w\u00e4hrend wir in die Welt der Webcams eintauchen.<\/p>\n<p>&nbsp;<\/p>\n<h2 style=\"text-align: center;\">Fl\u00fcstern im digitalen Dunkel: Erkundung der Welt der Erwachsenen-Chats<\/h2>\n<p>Neuigkeiten aus dem digitalen Zeitalter erwarten Sie auf unseren Seiten \u2013 aktuelle Einblicke und Neuigkeiten aus der faszinierenden Welt der Online-Kontakte. Die Intrigen und sinnlichen Geschichten, die sich hinter der Kamera abspielen, finden hier ihren Platz, wo Authentizit\u00e4t auf Anonymit\u00e4t trifft und Vernetzung ein virtuelles Zuhause findet.<\/p>\n<p>&nbsp;<\/p>\n<p><strong>Die Geschichten hinter dem Schleier: Einblicke und Erkenntnisse<\/strong><\/p>\n<p>Unsere virtuellen Korridore fl\u00fcstern von Geschichten und Provokationen. Hier erwachen Worte zum Leben, wie in einem klassischen amerikanischen Roman, und weben Erz\u00e4hlungen, die tief in die Nuancen von Erwachsenenchats eintauchen. Unser Archiv ist nicht nur ein Forum f\u00fcr sinnliche Begierden; es ist eine wahre Fundgrube an Erkenntnissen, Diskussionen und Enth\u00fcllungen, die die faszinierende Welt der Webcam-Interaktionen erkunden.<\/p>\n<p>Hier, in unserem digitalen Archiv, entdecken Sie Geschichten, die noch erz\u00e4hlt werden m\u00fcssen, Perspektiven, die die Tiefen des Begehrens erforschen, und Erfahrungen, die die Grenzen traditioneller Intimit\u00e4t erweitern. Unsere Website ist Ihr Schl\u00fcssel zu einer Welt, in der Verf\u00fchrung eine Kunstform ist und Verbindung nur einen Klick entfernt.<\/p>\n<p>W\u00e4hrend Sie also durch unseren Katalog an Erwachsenen-Chats st\u00f6bern und in die Vielfalt unserer Texte eintauchen, denken Sie daran: Wir sind mehr als nur eine Website. Wir sind Chronisten, Sammler und H\u00fcter einer Bibliothek, in der Geschichten von Leidenschaft und Verbundenheit darauf warten, geschrieben, geteilt und genossen zu werden. Willkommen in unserer Welt; willkommen im Paradies des Austauschs und der Entdeckungen f\u00fcr Erwachsene.<\/p>","protected":false},"excerpt":{"rendered":"<p>In den verrauchten, d\u00fcsteren Ecken der digitalen Welt, wo Leidenschaften lodern und Begierden brodeln, existiert ein Zufluchtsort voller unentdeckter Geschichten und provokanter Begegnungen. Willkommen in unserem Refugium, einem Reich der Erwachsenen-Chats, wo verf\u00fchrerische Erz\u00e4hlungen sich mit dem flackernden Schein von Webcams vermischen. Auf diesen virtuellen Stra\u00dfen sind wir mehr als nur eine Website; wir sind die moderne Bibliothek, der Salon des Erwachsenen-Diskurses, wo Gespr\u00e4che das Allt\u00e4gliche \u00fcbersteigen. Hier treffen sich Autoren sinnlicher Literatur und Verfasser begehrenswerter Erz\u00e4hlungen, ihre Federn getaucht in die Tinte der Online-Intimit\u00e4t. Wir sind\u2026<\/p>","protected":false},"author":1,"featured_media":0,"parent":0,"menu_order":0,"comment_status":"closed","ping_status":"closed","template":"","meta":{"footnotes":""},"class_list":["post-44","page","type-page","status-publish","hentry"],"yoast_head":"<!-- This site is optimized with the Yoast SEO plugin v20.13 - https:\/\/yoast.com\/wordpress\/plugins\/seo\/ -->\n<title>Best catalog Sex Webcams - camchat<\/title>\n<meta name=\"robots\" content=\"index, follow, max-snippet:-1, max-image-preview:large, max-video-preview:-1\" \/>\n<link rel=\"canonical\" href=\"https:\/\/cam-chat.org\/de\/o-nas\/\" \/>\n<meta property=\"og:locale\" content=\"de_DE\" \/>\n<meta property=\"og:type\" content=\"article\" \/>\n<meta property=\"og:title\" content=\"Best catalog Sex Webcams - camchat\" \/>\n<meta property=\"og:description\" content=\"In the smoky, dimly lit corners of the digital world, where passions burn and desires simmer, there exists a haven of uncharted stories and provocative connections. Welcome to our sanctuary, a realm of adult chats, where seductive tales intermingle with the flickering glow of webcams. On these virtual streets, we&#8217;re more than a mere website; we&#8217;re the modern-day library, the saloon of adult discourse, where conversations transcend the mundane. Here, writers of lustful literature and authors of desire-fueled narratives converge, their quills dipped in the ink of online intimacy. We&#8217;re&hellip;\" \/>\n<meta property=\"og:url\" content=\"https:\/\/cam-chat.org\/de\/o-nas\/\" \/>\n<meta property=\"og:site_name\" content=\"camchat\" \/>\n<meta property=\"article:modified_time\" content=\"2023-11-03T09:58:07+00:00\" \/>\n<meta name=\"twitter:card\" content=\"summary_large_image\" \/>\n<meta name=\"twitter:label1\" content=\"Gesch\u00e4tzte Lesezeit\" \/>\n\t<meta name=\"twitter:data1\" content=\"2\u00a0Minuten\" \/>\n<script type=\"application\/ld+json\" class=\"yoast-schema-graph\">{\"@context\":\"https:\/\/schema.org\",\"@graph\":[{\"@type\":\"WebPage\",\"@id\":\"https:\/\/cam-chat.org\/o-nas\/\",\"url\":\"https:\/\/cam-chat.org\/o-nas\/\",\"name\":\"Best catalog Sex Webcams - camchat\",\"isPartOf\":{\"@id\":\"https:\/\/cam-chat.org\/#website\"},\"datePublished\":\"2023-08-08T16:57:06+00:00\",\"dateModified\":\"2023-11-03T09:58:07+00:00\",\"breadcrumb\":{\"@id\":\"https:\/\/cam-chat.org\/o-nas\/#breadcrumb\"},\"inLanguage\":\"de\",\"potentialAction\":[{\"@type\":\"ReadAction\",\"target\":[\"https:\/\/cam-chat.org\/o-nas\/\"]}]},{\"@type\":\"BreadcrumbList\",\"@id\":\"https:\/\/cam-chat.org\/o-nas\/#breadcrumb\",\"itemListElement\":[{\"@type\":\"ListItem\",\"position\":1,\"name\":\"\u0413\u043b\u0430\u0432\u043d\u0430\u044f \u0441\u0442\u0440\u0430\u043d\u0438\u0446\u0430\",\"item\":\"https:\/\/cam-chat.org\/\"},{\"@type\":\"ListItem\",\"position\":2,\"name\":\"Best catalog Sex Webcams\"}]},{\"@type\":\"WebSite\",\"@id\":\"https:\/\/cam-chat.org\/#website\",\"url\":\"https:\/\/cam-chat.org\/\",\"name\":\"camchat\",\"description\":\"Blog catalog about vulgar video chats for an adult audience\",\"publisher\":{\"@id\":\"https:\/\/cam-chat.org\/#organization\"},\"potentialAction\":[{\"@type\":\"SearchAction\",\"target\":{\"@type\":\"EntryPoint\",\"urlTemplate\":\"https:\/\/cam-chat.org\/?s={search_term_string}\"},\"query-input\":\"required name=search_term_string\"}],\"inLanguage\":\"de\"},{\"@type\":\"Organization\",\"@id\":\"https:\/\/cam-chat.org\/#organization\",\"name\":\"camchat\",\"url\":\"https:\/\/cam-chat.org\/\",\"logo\":{\"@type\":\"ImageObject\",\"inLanguage\":\"de\",\"@id\":\"https:\/\/cam-chat.org\/#\/schema\/logo\/image\/\",\"url\":\"https:\/\/cam-chat.org\/wp-content\/uploads\/2023\/08\/logo-1.png\",\"contentUrl\":\"https:\/\/cam-chat.org\/wp-content\/uploads\/2023\/08\/logo-1.png\",\"width\":220,\"height\":39,\"caption\":\"camchat\"},\"image\":{\"@id\":\"https:\/\/cam-chat.org\/#\/schema\/logo\/image\/\"}}]}<\/script>\n<!-- \/ Yoast SEO plugin. -->","yoast_head_json":{"title":"Bester Katalog Sex-Webcams - Camchat","robots":{"index":"index","follow":"follow","max-snippet":"max-snippet:-1","max-image-preview":"max-image-preview:large","max-video-preview":"max-video-preview:-1"},"canonical":"https:\/\/cam-chat.org\/de\/o-nas\/","og_locale":"de_DE","og_type":"article","og_title":"Best catalog Sex Webcams - camchat","og_description":"In the smoky, dimly lit corners of the digital world, where passions burn and desires simmer, there exists a haven of uncharted stories and provocative connections. Welcome to our sanctuary, a realm of adult chats, where seductive tales intermingle with the flickering glow of webcams. On these virtual streets, we&#8217;re more than a mere website; we&#8217;re the modern-day library, the saloon of adult discourse, where conversations transcend the mundane. Here, writers of lustful literature and authors of desire-fueled narratives converge, their quills dipped in the ink of online intimacy. We&#8217;re&hellip;","og_url":"https:\/\/cam-chat.org\/de\/o-nas\/","og_site_name":"camchat","article_modified_time":"2023-11-03T09:58:07+00:00","twitter_card":"summary_large_image","twitter_misc":{"Gesch\u00e4tzte Lesezeit":"2\u00a0Minuten"},"schema":{"@context":"https:\/\/schema.org","@graph":[{"@type":"WebPage","@id":"https:\/\/cam-chat.org\/o-nas\/","url":"https:\/\/cam-chat.org\/o-nas\/","name":"Bester Katalog Sex-Webcams - Camchat","isPartOf":{"@id":"https:\/\/cam-chat.org\/#website"},"datePublished":"2023-08-08T16:57:06+00:00","dateModified":"2023-11-03T09:58:07+00:00","breadcrumb":{"@id":"https:\/\/cam-chat.org\/o-nas\/#breadcrumb"},"inLanguage":"de","potentialAction":[{"@type":"ReadAction","target":["https:\/\/cam-chat.org\/o-nas\/"]}]},{"@type":"BreadcrumbList","@id":"https:\/\/cam-chat.org\/o-nas\/#breadcrumb","itemListElement":[{"@type":"ListItem","position":1,"name":"\u0413\u043b\u0430\u0432\u043d\u0430\u044f \u0441\u0442\u0440\u0430\u043d\u0438\u0446\u0430","item":"https:\/\/cam-chat.org\/"},{"@type":"ListItem","position":2,"name":"Best catalog Sex Webcams"}]},{"@type":"WebSite","@id":"https:\/\/cam-chat.org\/#website","url":"https:\/\/cam-chat.org\/","name":"Kamerachat","description":"Blog-Katalog \u00fcber vulg\u00e4re Video-Chats f\u00fcr ein erwachsenes Publikum","publisher":{"@id":"https:\/\/cam-chat.org\/#organization"},"potentialAction":[{"@type":"SearchAction","target":{"@type":"EntryPoint","urlTemplate":"https:\/\/cam-chat.org\/?s={search_term_string}"},"query-input":"required name=search_term_string"}],"inLanguage":"de"},{"@type":"Organization","@id":"https:\/\/cam-chat.org\/#organization","name":"Kamerachat","url":"https:\/\/cam-chat.org\/","logo":{"@type":"ImageObject","inLanguage":"de","@id":"https:\/\/cam-chat.org\/#\/schema\/logo\/image\/","url":"https:\/\/cam-chat.org\/wp-content\/uploads\/2023\/08\/logo-1.png","contentUrl":"https:\/\/cam-chat.org\/wp-content\/uploads\/2023\/08\/logo-1.png","width":220,"height":39,"caption":"camchat"},"image":{"@id":"https:\/\/cam-chat.org\/#\/schema\/logo\/image\/"}}]}},"_links":{"self":[{"href":"https:\/\/cam-chat.org\/de\/wp-json\/wp\/v2\/pages\/44","targetHints":{"allow":["GET"]}}],"collection":[{"href":"https:\/\/cam-chat.org\/de\/wp-json\/wp\/v2\/pages"}],"about":[{"href":"https:\/\/cam-chat.org\/de\/wp-json\/wp\/v2\/types\/page"}],"author":[{"embeddable":true,"href":"https:\/\/cam-chat.org\/de\/wp-json\/wp\/v2\/users\/1"}],"replies":[{"embeddable":true,"href":"https:\/\/cam-chat.org\/de\/wp-json\/wp\/v2\/comments?post=44"}],"version-history":[{"count":2,"href":"https:\/\/cam-chat.org\/de\/wp-json\/wp\/v2\/pages\/44\/revisions"}],"predecessor-version":[{"id":184,"href":"https:\/\/cam-chat.org\/de\/wp-json\/wp\/v2\/pages\/44\/revisions\/184"}],"wp:attachment":[{"href":"https:\/\/cam-chat.org\/de\/wp-json\/wp\/v2\/media?parent=44"}],"curies":[{"name":"wp","href":"https:\/\/api.w.org\/{rel}","templated":true}]}}