{"id":44,"date":"2023-08-08T16:57:06","date_gmt":"2023-08-08T16:57:06","guid":{"rendered":"https:\/\/defiscalisant.com\/?page_id=44"},"modified":"2023-11-03T09:58:07","modified_gmt":"2023-11-03T09:58:07","slug":"o-nas","status":"publish","type":"page","link":"https:\/\/cam-chat.org\/da\/o-nas\/","title":{"rendered":"Bedste katalog Sex Webcams"},"content":{"rendered":"<p>I de r\u00f8gfyldte, svagt oplyste hj\u00f8rner af den digitale verden, hvor lidenskaber br\u00e6nder og beg\u00e6r simrer, findes der et fristed af ukendte historier og provokerende forbindelser. Velkommen til vores fristed, et rige af voksenchats, hvor forf\u00f8rende fort\u00e6llinger blandes med webkameraernes flimrende gl\u00f8d.<\/p>\n<p>P\u00e5 disse virtuelle gader er vi mere end blot en hjemmeside; vi er det moderne bibliotek, salonen for voksendiskurs, hvor samtaler transcenderer det hverdagsagtige. Her m\u00f8des forfattere af lystfyldt litteratur og forfattere af beg\u00e6rsdrevne fort\u00e6llinger, deres fjerpenne dyppet i bl\u00e6k af online intimitet.<\/p>\n<p>Vi er mere end et katalog; vi er kr\u00f8nikeskrivere af digital passion, skrivere af virtuel forbindelse, hvor artikler og essays d\u00e6kker sensualitetens stadier. Vores virtuelle bl\u00e6khuse l\u00f8ber aldrig t\u00f8r, hver dr\u00e5be f\u00f8der din nysgerrigheds reservoir og n\u00e6rer beg\u00e6rets flammer, mens vi dykker ned i webkameraernes verden.<\/p>\n<p>&nbsp;<\/p>\n<h2 style=\"text-align: center;\">Hvisken i det digitale m\u00f8rke: Udforsk voksenchats verden<\/h2>\n<p>Nyheder fra den digitale tidsalder udfolder sig p\u00e5 vores sider og bringer dig de nyeste indsigter og opdateringer fra det sp\u00e6ndende univers af onlineforbindelser. Intrigen og de sanselige historier, der udspiller sig bag linsen, har en scene her, hvor autenticitet m\u00f8der anonymitet, og forbindelsen finder et virtuelt hjem.<\/p>\n<p>&nbsp;<\/p>\n<p><strong>Historierne bag sl\u00f8ret: Indsigt og illuminationer<\/strong><\/p>\n<p>Vores virtuelle korridorer hvisker med fort\u00e6llinger og provokationer. Her bliver ord levende, ligesom i en klassisk amerikansk roman, der v\u00e6ver fort\u00e6llinger, der dykker dybt ned i nuancerne i voksenchats. Vores arkiv er ikke bare et forum for k\u00f8delige lyster; det er en skattekiste af indsigter, diskussioner og afsl\u00f8ringer, der udforsker den sp\u00e6ndende verden af webcam-interaktioner.<\/p>\n<p>Her, i vores digitale arkiv, vil du afd\u00e6kke historier, der endnu ikke er blevet fortalt, perspektiver, der udforsker dybden af beg\u00e6r, og oplevelser, der udfordrer gr\u00e6nserne for traditionel intimitet. Vores hjemmeside er din n\u00f8gle til at l\u00e5se op for en verden, hvor forf\u00f8relse er en kunst, og forbindelse er et klik v\u00e6k.<\/p>\n<p>S\u00e5 n\u00e5r du rejser gennem vores katalog af voksenchats og fordyber dig i rigdommen af vores skriftlige tilbud, s\u00e5 husk at vi ikke bare er en hjemmeside. Vi er kr\u00f8nikeskrivere, samlere, vogtere af et bibliotek, hvor fort\u00e6llinger om passion og forbindelse venter, klar til at blive skrevet, delt og nydt. Velkommen til vores verden; velkommen til oase af voksen diskurs og udforskning.<\/p>","protected":false},"excerpt":{"rendered":"<p>I de r\u00f8gfyldte, svagt oplyste hj\u00f8rner af den digitale verden, hvor lidenskaber br\u00e6nder og beg\u00e6r simrer, findes der et fristed af ukendte historier og provokerende forbindelser. Velkommen til vores fristed, et rige af voksenchats, hvor forf\u00f8rende fort\u00e6llinger blandes med webkameraernes flimrende gl\u00f8d. P\u00e5 disse virtuelle gader er vi mere end blot en hjemmeside; vi er det moderne bibliotek, salonen for voksendiskurs, hvor samtaler overskrider det hverdagsagtige. Her m\u00f8des forfattere af lystfyldt litteratur og forfattere af beg\u00e6rsdrevne fort\u00e6llinger, deres fjerpenne dyppet i bl\u00e6k af online intimitet. Vi er\u2026<\/p>","protected":false},"author":1,"featured_media":0,"parent":0,"menu_order":0,"comment_status":"closed","ping_status":"closed","template":"","meta":{"footnotes":""},"class_list":["post-44","page","type-page","status-publish","hentry"],"yoast_head":"<!-- This site is optimized with the Yoast SEO plugin v20.13 - https:\/\/yoast.com\/wordpress\/plugins\/seo\/ -->\n<title>Best catalog Sex Webcams - camchat<\/title>\n<meta name=\"robots\" content=\"index, follow, max-snippet:-1, max-image-preview:large, max-video-preview:-1\" \/>\n<link rel=\"canonical\" href=\"https:\/\/cam-chat.org\/da\/o-nas\/\" \/>\n<meta property=\"og:locale\" content=\"da_DK\" \/>\n<meta property=\"og:type\" content=\"article\" \/>\n<meta property=\"og:title\" content=\"Best catalog Sex Webcams - camchat\" \/>\n<meta property=\"og:description\" content=\"In the smoky, dimly lit corners of the digital world, where passions burn and desires simmer, there exists a haven of uncharted stories and provocative connections. Welcome to our sanctuary, a realm of adult chats, where seductive tales intermingle with the flickering glow of webcams. On these virtual streets, we&#8217;re more than a mere website; we&#8217;re the modern-day library, the saloon of adult discourse, where conversations transcend the mundane. Here, writers of lustful literature and authors of desire-fueled narratives converge, their quills dipped in the ink of online intimacy. We&#8217;re&hellip;\" \/>\n<meta property=\"og:url\" content=\"https:\/\/cam-chat.org\/da\/o-nas\/\" \/>\n<meta property=\"og:site_name\" content=\"camchat\" \/>\n<meta property=\"article:modified_time\" content=\"2023-11-03T09:58:07+00:00\" \/>\n<meta name=\"twitter:card\" content=\"summary_large_image\" \/>\n<meta name=\"twitter:label1\" content=\"Estimeret l\u00e6setid\" \/>\n\t<meta name=\"twitter:data1\" content=\"2 minutter\" \/>\n<script type=\"application\/ld+json\" class=\"yoast-schema-graph\">{\"@context\":\"https:\/\/schema.org\",\"@graph\":[{\"@type\":\"WebPage\",\"@id\":\"https:\/\/cam-chat.org\/o-nas\/\",\"url\":\"https:\/\/cam-chat.org\/o-nas\/\",\"name\":\"Best catalog Sex Webcams - camchat\",\"isPartOf\":{\"@id\":\"https:\/\/cam-chat.org\/#website\"},\"datePublished\":\"2023-08-08T16:57:06+00:00\",\"dateModified\":\"2023-11-03T09:58:07+00:00\",\"breadcrumb\":{\"@id\":\"https:\/\/cam-chat.org\/o-nas\/#breadcrumb\"},\"inLanguage\":\"da-DK\",\"potentialAction\":[{\"@type\":\"ReadAction\",\"target\":[\"https:\/\/cam-chat.org\/o-nas\/\"]}]},{\"@type\":\"BreadcrumbList\",\"@id\":\"https:\/\/cam-chat.org\/o-nas\/#breadcrumb\",\"itemListElement\":[{\"@type\":\"ListItem\",\"position\":1,\"name\":\"\u0413\u043b\u0430\u0432\u043d\u0430\u044f \u0441\u0442\u0440\u0430\u043d\u0438\u0446\u0430\",\"item\":\"https:\/\/cam-chat.org\/\"},{\"@type\":\"ListItem\",\"position\":2,\"name\":\"Best catalog Sex Webcams\"}]},{\"@type\":\"WebSite\",\"@id\":\"https:\/\/cam-chat.org\/#website\",\"url\":\"https:\/\/cam-chat.org\/\",\"name\":\"camchat\",\"description\":\"Blog catalog about vulgar video chats for an adult audience\",\"publisher\":{\"@id\":\"https:\/\/cam-chat.org\/#organization\"},\"potentialAction\":[{\"@type\":\"SearchAction\",\"target\":{\"@type\":\"EntryPoint\",\"urlTemplate\":\"https:\/\/cam-chat.org\/?s={search_term_string}\"},\"query-input\":\"required name=search_term_string\"}],\"inLanguage\":\"da-DK\"},{\"@type\":\"Organization\",\"@id\":\"https:\/\/cam-chat.org\/#organization\",\"name\":\"camchat\",\"url\":\"https:\/\/cam-chat.org\/\",\"logo\":{\"@type\":\"ImageObject\",\"inLanguage\":\"da-DK\",\"@id\":\"https:\/\/cam-chat.org\/#\/schema\/logo\/image\/\",\"url\":\"https:\/\/cam-chat.org\/wp-content\/uploads\/2023\/08\/logo-1.png\",\"contentUrl\":\"https:\/\/cam-chat.org\/wp-content\/uploads\/2023\/08\/logo-1.png\",\"width\":220,\"height\":39,\"caption\":\"camchat\"},\"image\":{\"@id\":\"https:\/\/cam-chat.org\/#\/schema\/logo\/image\/\"}}]}<\/script>\n<!-- \/ Yoast SEO plugin. -->","yoast_head_json":{"title":"Bedste katalog Sex Webcams - camchat","robots":{"index":"index","follow":"follow","max-snippet":"max-snippet:-1","max-image-preview":"max-image-preview:large","max-video-preview":"max-video-preview:-1"},"canonical":"https:\/\/cam-chat.org\/da\/o-nas\/","og_locale":"da_DK","og_type":"article","og_title":"Best catalog Sex Webcams - camchat","og_description":"In the smoky, dimly lit corners of the digital world, where passions burn and desires simmer, there exists a haven of uncharted stories and provocative connections. Welcome to our sanctuary, a realm of adult chats, where seductive tales intermingle with the flickering glow of webcams. On these virtual streets, we&#8217;re more than a mere website; we&#8217;re the modern-day library, the saloon of adult discourse, where conversations transcend the mundane. Here, writers of lustful literature and authors of desire-fueled narratives converge, their quills dipped in the ink of online intimacy. We&#8217;re&hellip;","og_url":"https:\/\/cam-chat.org\/da\/o-nas\/","og_site_name":"camchat","article_modified_time":"2023-11-03T09:58:07+00:00","twitter_card":"summary_large_image","twitter_misc":{"Estimeret l\u00e6setid":"2 minutter"},"schema":{"@context":"https:\/\/schema.org","@graph":[{"@type":"WebPage","@id":"https:\/\/cam-chat.org\/o-nas\/","url":"https:\/\/cam-chat.org\/o-nas\/","name":"Bedste katalog Sex Webcams - camchat","isPartOf":{"@id":"https:\/\/cam-chat.org\/#website"},"datePublished":"2023-08-08T16:57:06+00:00","dateModified":"2023-11-03T09:58:07+00:00","breadcrumb":{"@id":"https:\/\/cam-chat.org\/o-nas\/#breadcrumb"},"inLanguage":"da-DK","potentialAction":[{"@type":"ReadAction","target":["https:\/\/cam-chat.org\/o-nas\/"]}]},{"@type":"BreadcrumbList","@id":"https:\/\/cam-chat.org\/o-nas\/#breadcrumb","itemListElement":[{"@type":"ListItem","position":1,"name":"\u0413\u043b\u0430\u0432\u043d\u0430\u044f \u0441\u0442\u0440\u0430\u043d\u0438\u0446\u0430","item":"https:\/\/cam-chat.org\/"},{"@type":"ListItem","position":2,"name":"Best catalog Sex Webcams"}]},{"@type":"WebSite","@id":"https:\/\/cam-chat.org\/#website","url":"https:\/\/cam-chat.org\/","name":"camchat","description":"Blogkatalog om vulg\u00e6re videochats til et voksent publikum","publisher":{"@id":"https:\/\/cam-chat.org\/#organization"},"potentialAction":[{"@type":"SearchAction","target":{"@type":"EntryPoint","urlTemplate":"https:\/\/cam-chat.org\/?s={search_term_string}"},"query-input":"required name=search_term_string"}],"inLanguage":"da-DK"},{"@type":"Organization","@id":"https:\/\/cam-chat.org\/#organization","name":"camchat","url":"https:\/\/cam-chat.org\/","logo":{"@type":"ImageObject","inLanguage":"da-DK","@id":"https:\/\/cam-chat.org\/#\/schema\/logo\/image\/","url":"https:\/\/cam-chat.org\/wp-content\/uploads\/2023\/08\/logo-1.png","contentUrl":"https:\/\/cam-chat.org\/wp-content\/uploads\/2023\/08\/logo-1.png","width":220,"height":39,"caption":"camchat"},"image":{"@id":"https:\/\/cam-chat.org\/#\/schema\/logo\/image\/"}}]}},"_links":{"self":[{"href":"https:\/\/cam-chat.org\/da\/wp-json\/wp\/v2\/pages\/44","targetHints":{"allow":["GET"]}}],"collection":[{"href":"https:\/\/cam-chat.org\/da\/wp-json\/wp\/v2\/pages"}],"about":[{"href":"https:\/\/cam-chat.org\/da\/wp-json\/wp\/v2\/types\/page"}],"author":[{"embeddable":true,"href":"https:\/\/cam-chat.org\/da\/wp-json\/wp\/v2\/users\/1"}],"replies":[{"embeddable":true,"href":"https:\/\/cam-chat.org\/da\/wp-json\/wp\/v2\/comments?post=44"}],"version-history":[{"count":2,"href":"https:\/\/cam-chat.org\/da\/wp-json\/wp\/v2\/pages\/44\/revisions"}],"predecessor-version":[{"id":184,"href":"https:\/\/cam-chat.org\/da\/wp-json\/wp\/v2\/pages\/44\/revisions\/184"}],"wp:attachment":[{"href":"https:\/\/cam-chat.org\/da\/wp-json\/wp\/v2\/media?parent=44"}],"curies":[{"name":"wp","href":"https:\/\/api.w.org\/{rel}","templated":true}]}}