{"id":44,"date":"2023-08-08T16:57:06","date_gmt":"2023-08-08T16:57:06","guid":{"rendered":"https:\/\/defiscalisant.com\/?page_id=44"},"modified":"2023-11-03T09:58:07","modified_gmt":"2023-11-03T09:58:07","slug":"o-nas","status":"publish","type":"page","link":"https:\/\/cam-chat.org\/cs\/o-nas\/","title":{"rendered":"Nejlep\u0161\u00ed katalog Sex webkamer"},"content":{"rendered":"<p>V zakou\u0159en\u00fdch, slab\u011b osv\u011btlen\u00fdch koutech digit\u00e1ln\u00edho sv\u011bta, kde ho\u0159\u00ed v\u00e1\u0161n\u011b a doutnaj\u00ed touhy, se skr\u00fdv\u00e1 \u00fato\u010di\u0161t\u011b neprob\u00e1dan\u00fdch p\u0159\u00edb\u011bh\u016f a provokativn\u00edch spojen\u00ed. V\u00edtejte v na\u0161em \u00fato\u010di\u0161ti, \u0159\u00ed\u0161i chat\u016f pro dosp\u011bl\u00e9, kde se sv\u016fdn\u00e9 p\u0159\u00edb\u011bhy prol\u00ednaj\u00ed s mihotavou z\u00e1\u0159\u00ed webkamer.<\/p>\n<p>Na t\u011bchto virtu\u00e1ln\u00edch ulic\u00edch jsme v\u00edc ne\u017e jen webov\u00e9 str\u00e1nky; jsme modern\u00ed knihovnou, sal\u00f3nem pro dosp\u011bl\u00e9 rozhovory, kde konverzace p\u0159esahuj\u00ed v\u0161ednost. Zde se setk\u00e1vaj\u00ed auto\u0159i v\u00e1\u0161niv\u00e9 literatury a auto\u0159i touhou poh\u00e1n\u011bn\u00fdch p\u0159\u00edb\u011bh\u016f, jejich\u017e brky jsou namo\u010den\u00e9 v inkoustu online intimity.<\/p>\n<p>Jsme v\u00edc ne\u017e jen katalog; jsme kronik\u00e1\u0159i digit\u00e1ln\u00ed v\u00e1\u0161n\u011b, p\u00edsa\u0159i virtu\u00e1ln\u00edho spojen\u00ed, kde \u010dl\u00e1nky a eseje zahaluj\u00ed f\u00e1ze smyslnosti. Na\u0161e virtu\u00e1ln\u00ed kalam\u00e1\u0159e nikdy nevyschnou, ka\u017ed\u00e1 kapka nap\u00e1j\u00ed rezervo\u00e1r va\u0161\u00ed zv\u011bdavosti a p\u0159i\u017eivuje plameny touhy, zat\u00edmco se pono\u0159ujeme do sv\u011bta webkamer.<\/p>\n<p>&nbsp;<\/p>\n<h2 style=\"text-align: center;\">\u0160ept\u00e1n\u00ed v digit\u00e1ln\u00ed tm\u011b: Objevov\u00e1n\u00ed sv\u011bta chat\u016f pro dosp\u011bl\u00e9<\/h2>\n<p>Na na\u0161ich str\u00e1nk\u00e1ch se odv\u00edjej\u00ed novinky digit\u00e1ln\u00edho v\u011bku a p\u0159in\u00e1\u0161\u00edme v\u00e1m nej\u010derstv\u011bj\u0161\u00ed poznatky a aktuality z l\u00e1kav\u00e9ho sv\u011bta online spojen\u00ed. Intriky a smysln\u00e9 p\u0159\u00edb\u011bhy, kter\u00e9 se odehr\u00e1vaj\u00ed za objektivem, zde nach\u00e1zej\u00ed sv\u00e9 m\u00edsto, kde se autenticita setk\u00e1v\u00e1 s anonymitou a spojen\u00ed nach\u00e1z\u00ed virtu\u00e1ln\u00ed domov.<\/p>\n<p>&nbsp;<\/p>\n<p><strong>P\u0159\u00edb\u011bhy za z\u00e1vojem: Post\u0159ehy a osv\u00edcen\u00ed<\/strong><\/p>\n<p>Na\u0161e virtu\u00e1ln\u00ed chodby \u0161eptaj\u00ed p\u0159\u00edb\u011bhy a provokacemi. Zde slova o\u017e\u00edvaj\u00ed, podobn\u011b jako klasick\u00fd americk\u00fd rom\u00e1n, a spl\u00e9taj\u00ed p\u0159\u00edb\u011bhy, kter\u00e9 se pono\u0159uj\u00ed hluboko do nuanc\u00ed chat\u016f pro dosp\u011bl\u00e9. Na\u0161e \u00falo\u017ei\u0161t\u011b nen\u00ed jen f\u00f3rem pro t\u011blesn\u00e9 touhy; je to pokladnice post\u0159eh\u016f, diskus\u00ed a odhalen\u00ed, kter\u00e9 zkoumaj\u00ed fascinuj\u00edc\u00ed sv\u011bt interakc\u00ed p\u0159es webkameru.<\/p>\n<p>Zde, na str\u00e1nk\u00e1ch na\u0161eho digit\u00e1ln\u00edho archivu, odhal\u00edte p\u0159\u00edb\u011bhy, kter\u00e9 dosud nebyly vypr\u00e1v\u011bny, perspektivy zkoumaj\u00edc\u00ed hloubku touhy a z\u00e1\u017eitky, kter\u00e9 zpochyb\u0148uj\u00ed hranice tradi\u010dn\u00ed intimity. Na\u0161e str\u00e1nky jsou va\u0161\u00edm kl\u00ed\u010dem k odemknut\u00ed sv\u011bta, kde je sv\u00e1d\u011bn\u00ed um\u011bn\u00edm a spojen\u00ed je na dosah ruky.<\/p>\n<p>Tak\u017ee a\u017e budete proch\u00e1zet na\u0161\u00edm katalogem chat\u016f pro dosp\u011bl\u00e9 a pono\u0159ovat se do bohatstv\u00ed na\u0161ich p\u00edsemn\u00fdch nab\u00eddek, pamatujte, \u017ee nejsme jen webov\u00e9 str\u00e1nky. Jsme kronik\u00e1\u0159i, sb\u011bratel\u00e9, str\u00e1\u017eci knihovny, kde na v\u00e1s \u010dekaj\u00ed p\u0159\u00edb\u011bhy pln\u00e9 v\u00e1\u0161n\u011b a spojen\u00ed, p\u0159ipraven\u00e9 k naps\u00e1n\u00ed, sd\u00edlen\u00ed a vychutn\u00e1n\u00ed. V\u00edtejte v na\u0161em sv\u011bt\u011b; v\u00edtejte v \u00fato\u010di\u0161ti diskurzu a objevov\u00e1n\u00ed pro dosp\u011bl\u00e9.<\/p>","protected":false},"excerpt":{"rendered":"<p>V zakou\u0159en\u00fdch, slab\u011b osv\u011btlen\u00fdch koutech digit\u00e1ln\u00edho sv\u011bta, kde v\u00e1\u0161n\u011b ho\u0159\u00ed a touhy doutnaj\u00ed, existuje \u00fato\u010di\u0161t\u011b neprob\u00e1dan\u00fdch p\u0159\u00edb\u011bh\u016f a provokativn\u00edch spojen\u00ed. V\u00edtejte v na\u0161em \u00fato\u010di\u0161ti, \u0159\u00ed\u0161i chat\u016f pro dosp\u011bl\u00e9, kde se sv\u016fdn\u00e9 p\u0159\u00edb\u011bhy prol\u00ednaj\u00ed s mihotavou z\u00e1\u0159\u00ed webov\u00fdch kamer. Na t\u011bchto virtu\u00e1ln\u00edch ulic\u00edch jsme v\u00edc ne\u017e jen webov\u00e9 str\u00e1nky; jsme modern\u00ed knihovna, sal\u00f3n dosp\u011bl\u00fdch diskus\u00ed, kde konverzace p\u0159esahuj\u00ed v\u0161ednost. Zde se sb\u00edhaj\u00ed auto\u0159i v\u00e1\u0161niv\u00e9 literatury a auto\u0159i touhou poh\u00e1n\u011bn\u00fdch p\u0159\u00edb\u011bh\u016f, jejich\u017e brky jsou namo\u010den\u00e9 v inkoustu online intimity. Jsme\u2026<\/p>","protected":false},"author":1,"featured_media":0,"parent":0,"menu_order":0,"comment_status":"closed","ping_status":"closed","template":"","meta":{"footnotes":""},"class_list":["post-44","page","type-page","status-publish","hentry"],"yoast_head":"<!-- This site is optimized with the Yoast SEO plugin v20.13 - https:\/\/yoast.com\/wordpress\/plugins\/seo\/ -->\n<title>Best catalog Sex Webcams - camchat<\/title>\n<meta name=\"robots\" content=\"index, follow, max-snippet:-1, max-image-preview:large, max-video-preview:-1\" \/>\n<link rel=\"canonical\" href=\"https:\/\/cam-chat.org\/cs\/o-nas\/\" \/>\n<meta property=\"og:locale\" content=\"cs_CZ\" \/>\n<meta property=\"og:type\" content=\"article\" \/>\n<meta property=\"og:title\" content=\"Best catalog Sex Webcams - camchat\" \/>\n<meta property=\"og:description\" content=\"In the smoky, dimly lit corners of the digital world, where passions burn and desires simmer, there exists a haven of uncharted stories and provocative connections. Welcome to our sanctuary, a realm of adult chats, where seductive tales intermingle with the flickering glow of webcams. On these virtual streets, we&#8217;re more than a mere website; we&#8217;re the modern-day library, the saloon of adult discourse, where conversations transcend the mundane. Here, writers of lustful literature and authors of desire-fueled narratives converge, their quills dipped in the ink of online intimacy. We&#8217;re&hellip;\" \/>\n<meta property=\"og:url\" content=\"https:\/\/cam-chat.org\/cs\/o-nas\/\" \/>\n<meta property=\"og:site_name\" content=\"camchat\" \/>\n<meta property=\"article:modified_time\" content=\"2023-11-03T09:58:07+00:00\" \/>\n<meta name=\"twitter:card\" content=\"summary_large_image\" \/>\n<meta name=\"twitter:label1\" content=\"Odhadovan\u00e1 doba \u010dten\u00ed\" \/>\n\t<meta name=\"twitter:data1\" content=\"2 minuty\" \/>\n<script type=\"application\/ld+json\" class=\"yoast-schema-graph\">{\"@context\":\"https:\/\/schema.org\",\"@graph\":[{\"@type\":\"WebPage\",\"@id\":\"https:\/\/cam-chat.org\/o-nas\/\",\"url\":\"https:\/\/cam-chat.org\/o-nas\/\",\"name\":\"Best catalog Sex Webcams - camchat\",\"isPartOf\":{\"@id\":\"https:\/\/cam-chat.org\/#website\"},\"datePublished\":\"2023-08-08T16:57:06+00:00\",\"dateModified\":\"2023-11-03T09:58:07+00:00\",\"breadcrumb\":{\"@id\":\"https:\/\/cam-chat.org\/o-nas\/#breadcrumb\"},\"inLanguage\":\"cs\",\"potentialAction\":[{\"@type\":\"ReadAction\",\"target\":[\"https:\/\/cam-chat.org\/o-nas\/\"]}]},{\"@type\":\"BreadcrumbList\",\"@id\":\"https:\/\/cam-chat.org\/o-nas\/#breadcrumb\",\"itemListElement\":[{\"@type\":\"ListItem\",\"position\":1,\"name\":\"\u0413\u043b\u0430\u0432\u043d\u0430\u044f \u0441\u0442\u0440\u0430\u043d\u0438\u0446\u0430\",\"item\":\"https:\/\/cam-chat.org\/\"},{\"@type\":\"ListItem\",\"position\":2,\"name\":\"Best catalog Sex Webcams\"}]},{\"@type\":\"WebSite\",\"@id\":\"https:\/\/cam-chat.org\/#website\",\"url\":\"https:\/\/cam-chat.org\/\",\"name\":\"camchat\",\"description\":\"Blog catalog about vulgar video chats for an adult audience\",\"publisher\":{\"@id\":\"https:\/\/cam-chat.org\/#organization\"},\"potentialAction\":[{\"@type\":\"SearchAction\",\"target\":{\"@type\":\"EntryPoint\",\"urlTemplate\":\"https:\/\/cam-chat.org\/?s={search_term_string}\"},\"query-input\":\"required name=search_term_string\"}],\"inLanguage\":\"cs\"},{\"@type\":\"Organization\",\"@id\":\"https:\/\/cam-chat.org\/#organization\",\"name\":\"camchat\",\"url\":\"https:\/\/cam-chat.org\/\",\"logo\":{\"@type\":\"ImageObject\",\"inLanguage\":\"cs\",\"@id\":\"https:\/\/cam-chat.org\/#\/schema\/logo\/image\/\",\"url\":\"https:\/\/cam-chat.org\/wp-content\/uploads\/2023\/08\/logo-1.png\",\"contentUrl\":\"https:\/\/cam-chat.org\/wp-content\/uploads\/2023\/08\/logo-1.png\",\"width\":220,\"height\":39,\"caption\":\"camchat\"},\"image\":{\"@id\":\"https:\/\/cam-chat.org\/#\/schema\/logo\/image\/\"}}]}<\/script>\n<!-- \/ Yoast SEO plugin. -->","yoast_head_json":{"title":"Nejlep\u0161\u00ed katalog Sex webkamer - camchat","robots":{"index":"index","follow":"follow","max-snippet":"max-snippet:-1","max-image-preview":"max-image-preview:large","max-video-preview":"max-video-preview:-1"},"canonical":"https:\/\/cam-chat.org\/cs\/o-nas\/","og_locale":"cs_CZ","og_type":"article","og_title":"Best catalog Sex Webcams - camchat","og_description":"In the smoky, dimly lit corners of the digital world, where passions burn and desires simmer, there exists a haven of uncharted stories and provocative connections. Welcome to our sanctuary, a realm of adult chats, where seductive tales intermingle with the flickering glow of webcams. On these virtual streets, we&#8217;re more than a mere website; we&#8217;re the modern-day library, the saloon of adult discourse, where conversations transcend the mundane. Here, writers of lustful literature and authors of desire-fueled narratives converge, their quills dipped in the ink of online intimacy. We&#8217;re&hellip;","og_url":"https:\/\/cam-chat.org\/cs\/o-nas\/","og_site_name":"camchat","article_modified_time":"2023-11-03T09:58:07+00:00","twitter_card":"summary_large_image","twitter_misc":{"Odhadovan\u00e1 doba \u010dten\u00ed":"2 minuty"},"schema":{"@context":"https:\/\/schema.org","@graph":[{"@type":"WebPage","@id":"https:\/\/cam-chat.org\/o-nas\/","url":"https:\/\/cam-chat.org\/o-nas\/","name":"Nejlep\u0161\u00ed katalog Sex webkamer - camchat","isPartOf":{"@id":"https:\/\/cam-chat.org\/#website"},"datePublished":"2023-08-08T16:57:06+00:00","dateModified":"2023-11-03T09:58:07+00:00","breadcrumb":{"@id":"https:\/\/cam-chat.org\/o-nas\/#breadcrumb"},"inLanguage":"cs","potentialAction":[{"@type":"ReadAction","target":["https:\/\/cam-chat.org\/o-nas\/"]}]},{"@type":"BreadcrumbList","@id":"https:\/\/cam-chat.org\/o-nas\/#breadcrumb","itemListElement":[{"@type":"ListItem","position":1,"name":"\u0413\u043b\u0430\u0432\u043d\u0430\u044f \u0441\u0442\u0440\u0430\u043d\u0438\u0446\u0430","item":"https:\/\/cam-chat.org\/"},{"@type":"ListItem","position":2,"name":"Best catalog Sex Webcams"}]},{"@type":"WebSite","@id":"https:\/\/cam-chat.org\/#website","url":"https:\/\/cam-chat.org\/","name":"camchat","description":"Katalog blogu o vulg\u00e1rn\u00edch videochatech pro dosp\u011bl\u00e9","publisher":{"@id":"https:\/\/cam-chat.org\/#organization"},"potentialAction":[{"@type":"SearchAction","target":{"@type":"EntryPoint","urlTemplate":"https:\/\/cam-chat.org\/?s={search_term_string}"},"query-input":"required name=search_term_string"}],"inLanguage":"cs"},{"@type":"Organization","@id":"https:\/\/cam-chat.org\/#organization","name":"camchat","url":"https:\/\/cam-chat.org\/","logo":{"@type":"ImageObject","inLanguage":"cs","@id":"https:\/\/cam-chat.org\/#\/schema\/logo\/image\/","url":"https:\/\/cam-chat.org\/wp-content\/uploads\/2023\/08\/logo-1.png","contentUrl":"https:\/\/cam-chat.org\/wp-content\/uploads\/2023\/08\/logo-1.png","width":220,"height":39,"caption":"camchat"},"image":{"@id":"https:\/\/cam-chat.org\/#\/schema\/logo\/image\/"}}]}},"_links":{"self":[{"href":"https:\/\/cam-chat.org\/cs\/wp-json\/wp\/v2\/pages\/44","targetHints":{"allow":["GET"]}}],"collection":[{"href":"https:\/\/cam-chat.org\/cs\/wp-json\/wp\/v2\/pages"}],"about":[{"href":"https:\/\/cam-chat.org\/cs\/wp-json\/wp\/v2\/types\/page"}],"author":[{"embeddable":true,"href":"https:\/\/cam-chat.org\/cs\/wp-json\/wp\/v2\/users\/1"}],"replies":[{"embeddable":true,"href":"https:\/\/cam-chat.org\/cs\/wp-json\/wp\/v2\/comments?post=44"}],"version-history":[{"count":2,"href":"https:\/\/cam-chat.org\/cs\/wp-json\/wp\/v2\/pages\/44\/revisions"}],"predecessor-version":[{"id":184,"href":"https:\/\/cam-chat.org\/cs\/wp-json\/wp\/v2\/pages\/44\/revisions\/184"}],"wp:attachment":[{"href":"https:\/\/cam-chat.org\/cs\/wp-json\/wp\/v2\/media?parent=44"}],"curies":[{"name":"wp","href":"https:\/\/api.w.org\/{rel}","templated":true}]}}